{"id":288,"date":"2022-01-25T12:57:59","date_gmt":"2022-01-25T12:57:59","guid":{"rendered":"https:\/\/www.herramientastoriano.com.ar\/web\/?page_id=288"},"modified":"2022-05-03T16:37:19","modified_gmt":"2022-05-03T16:37:19","slug":"sacabocados-individuales-a-golpe","status":"publish","type":"page","link":"https:\/\/www.herramientastoriano.com.ar\/web\/herramientas-de-mano\/sacabocados-individuales-a-golpe\/","title":{"rendered":"Sacabocados Individuales a Golpe"},"content":{"rendered":"<p>[et_pb_section fb_built=\u00bb1&#8243; admin_label=\u00bbHeather\u00bb _builder_version=\u00bb4.16&#8243; _module_preset=\u00bbdefault\u00bb background_color=\u00bb#B3B3B3&#8243; background_enable_image=\u00bboff\u00bb custom_margin=\u00bb0px||0px||false|false\u00bb custom_padding=\u00bb0px||0px||false|false\u00bb da_disable_devices=\u00bboff|off|off\u00bb collapsed=\u00bboff\u00bb global_colors_info=\u00bb{}\u00bb da_is_popup=\u00bboff\u00bb da_exit_intent=\u00bboff\u00bb da_has_close=\u00bbon\u00bb da_alt_close=\u00bboff\u00bb da_dark_close=\u00bboff\u00bb da_not_modal=\u00bbon\u00bb da_is_singular=\u00bboff\u00bb da_with_loader=\u00bboff\u00bb da_has_shadow=\u00bbon\u00bb][et_pb_row _builder_version=\u00bb4.16&#8243; _module_preset=\u00bbdefault\u00bb custom_margin=\u00bb||||false|false\u00bb custom_padding=\u00bb||||false|false\u00bb collapsed=\u00bboff\u00bb global_colors_info=\u00bb{}\u00bb][et_pb_column type=\u00bb4_4&#8243; _builder_version=\u00bb4.16&#8243; _module_preset=\u00bbdefault\u00bb global_colors_info=\u00bb{}\u00bb][et_pb_text _builder_version=\u00bb4.16&#8243; _module_preset=\u00bbdefault\u00bb text_font=\u00bb|700||on|||||\u00bb text_text_color=\u00bb#0d6805&#8243; global_colors_info=\u00bb{}\u00bb]<\/p>\n<h1 style=\"text-align: left;\"><strong>Sacabocados Individuales a Golpe<\/strong><\/h1>\n<p>[\/et_pb_text][\/et_pb_column][\/et_pb_row][\/et_pb_section][et_pb_section fb_built=\u00bb1&#8243; _builder_version=\u00bb4.16&#8243; _module_preset=\u00bbdefault\u00bb custom_margin=\u00bb0px||50px||false|false\u00bb da_disable_devices=\u00bboff|off|off\u00bb collapsed=\u00bboff\u00bb global_colors_info=\u00bb{}\u00bb da_is_popup=\u00bboff\u00bb da_exit_intent=\u00bboff\u00bb da_has_close=\u00bbon\u00bb da_alt_close=\u00bboff\u00bb da_dark_close=\u00bboff\u00bb da_not_modal=\u00bbon\u00bb da_is_singular=\u00bboff\u00bb da_with_loader=\u00bboff\u00bb da_has_shadow=\u00bbon\u00bb][et_pb_row _builder_version=\u00bb4.16&#8243; _module_preset=\u00bbdefault\u00bb custom_margin=\u00bb0px||0px||false|false\u00bb custom_padding=\u00bb0px||0px||false|false\u00bb collapsed=\u00bboff\u00bb global_colors_info=\u00bb{}\u00bb][et_pb_column type=\u00bb4_4&#8243; _builder_version=\u00bb4.16&#8243; _module_preset=\u00bbdefault\u00bb global_colors_info=\u00bb{}\u00bb][et_pb_text _builder_version=\u00bb4.16&#8243; _module_preset=\u00bbdefault\u00bb custom_margin=\u00bb0px||0px||false|false\u00bb custom_padding=\u00bb0px||0px||false|false\u00bb global_colors_info=\u00bb{}\u00bb]<\/p>\n<h4><span style=\"color: #000000;\">Para realizar perforaciones de forma precisa en cart\u00f3n, cuero, corcho, goma, pl\u00e1stico, hojalata, etc.<\/span><\/h4>\n<h4><span style=\"color: #000000;\">Nuestros sacabocados est\u00e1n fabricados en acero templado, con filos rectificados y acabado negro pav\u00f3n y moleteados. <\/span><\/h4>\n<h4><span style=\"color: #000000;\">Envasados en skin pack individual.<\/span><\/h4>\n<p>[\/et_pb_text][\/et_pb_column][\/et_pb_row][et_pb_row column_structure=\u00bb1_2,1_2&#8243; _builder_version=\u00bb4.16&#8243; _module_preset=\u00bbdefault\u00bb collapsed=\u00bboff\u00bb global_colors_info=\u00bb{}\u00bb][et_pb_column type=\u00bb1_2&#8243; _builder_version=\u00bb4.16&#8243; _module_preset=\u00bbdefault\u00bb global_colors_info=\u00bb{}\u00bb][et_pb_text _builder_version=\u00bb4.16&#8243; _module_preset=\u00bbdefault\u00bb background_color=\u00bb#0d6805&#8243; custom_padding=\u00bb5px||5px|15px|false|false\u00bb global_colors_info=\u00bb{}\u00bb]<\/p>\n<h3><span style=\"color: #ffffff;\"><strong>2 A 26 MM<\/strong><\/span><\/h3>\n<p>[\/et_pb_text][et_pb_image src=\u00bbhttps:\/\/www.herramientastoriano.com.ar\/web\/wp-content\/uploads\/2022\/01\/2a26mm.jpg\u00bb title_text=\u00bb2a26mm\u00bb show_in_lightbox=\u00bbon\u00bb _builder_version=\u00bb4.16&#8243; _module_preset=\u00bbdefault\u00bb global_colors_info=\u00bb{}\u00bb][\/et_pb_image][et_pb_text _builder_version=\u00bb4.17.3&#8243; _module_preset=\u00bbdefault\u00bb hover_enabled=\u00bb0&#8243; global_colors_info=\u00bb{}\u00bb sticky_enabled=\u00bb0&#8243;]<\/p>\n<h4><span style=\"color: #0d6805;\"><strong>ESPECIFICACIONES:<\/strong><\/span><\/h4>\n<h4><span style=\"color: #000000;\"><a href=\"https:\/\/www.herramientastoriano.com.ar\/web\/wp-content\/uploads\/2022\/03\/Herramientas-Toriano_Tabla-02.pdf\"><strong>VER TABLA EN PDF<\/strong><\/a><br \/><\/span><\/h4>\n<p><span style=\"color: #0d6805;\"><strong>PRESENTACI\u00d3N:<\/strong> <span style=\"color: #000000;\">Unidad<\/span><strong><br \/><\/strong><\/span><\/p>\n<p>[\/et_pb_text][\/et_pb_column][et_pb_column type=\u00bb1_2&#8243; _builder_version=\u00bb4.16&#8243; _module_preset=\u00bbdefault\u00bb global_colors_info=\u00bb{}\u00bb][et_pb_text _builder_version=\u00bb4.16&#8243; _module_preset=\u00bbdefault\u00bb background_color=\u00bb#0d6805&#8243; custom_padding=\u00bb5px||5px|15px|false|false\u00bb global_colors_info=\u00bb{}\u00bb]<\/p>\n<h3><span style=\"color: #ffffff;\"><strong>11 Sacabocados con soporte<\/strong><\/span><\/h3>\n<p>[\/et_pb_text][et_pb_image src=\u00bbhttps:\/\/www.herramientastoriano.com.ar\/web\/wp-content\/uploads\/2022\/01\/11-con-soporte.jpg\u00bb title_text=\u00bbJDS02&#8243; show_in_lightbox=\u00bbon\u00bb _builder_version=\u00bb4.16&#8243; _module_preset=\u00bbdefault\u00bb global_colors_info=\u00bb{}\u00bb][\/et_pb_image][et_pb_text _builder_version=\u00bb4.16&#8243; _module_preset=\u00bbdefault\u00bb global_colors_info=\u00bb{}\u00bb]<\/p>\n<h4><span style=\"color: #0d6805;\"><strong>ESPECIFICACIONES:<\/strong><\/span><\/h4>\n<p><span style=\"color: #000000;\">Juego de sacabocados individuales a golpe con soporte de pared compuesto por las siguientes medidas: 2, 3, 4, 5, 6, 7, 8, 9, 10, 11 y 12 mm.<\/span><\/p>\n<p><span style=\"color: #0d6805;\"><strong>PRESENTACI\u00d3N:<\/strong> <span style=\"color: #000000;\">Unidad<\/span><strong><br \/><\/strong><\/span><\/p>\n<p>[\/et_pb_text][\/et_pb_column][\/et_pb_row][et_pb_row column_structure=\u00bb1_3,1_3,1_3&#8243; _builder_version=\u00bb4.16&#8243; _module_preset=\u00bbdefault\u00bb collapsed=\u00bboff\u00bb global_colors_info=\u00bb{}\u00bb][et_pb_column type=\u00bb1_3&#8243; _builder_version=\u00bb4.16&#8243; _module_preset=\u00bbdefault\u00bb global_colors_info=\u00bb{}\u00bb][et_pb_text _builder_version=\u00bb4.16&#8243; _module_preset=\u00bbdefault\u00bb background_color=\u00bb#0d6805&#8243; custom_padding=\u00bb5px||5px|15px|false|false\u00bb global_colors_info=\u00bb{}\u00bb]<\/p>\n<h3><span style=\"color: #ffffff;\"><strong>5 Sacabocados impar<\/strong><\/span><\/h3>\n<p>[\/et_pb_text][et_pb_image src=\u00bbhttps:\/\/www.herramientastoriano.com.ar\/web\/wp-content\/uploads\/2022\/01\/sacabocados-impar.jpg\u00bb show_in_lightbox=\u00bbon\u00bb _builder_version=\u00bb4.16&#8243; _module_preset=\u00bbdefault\u00bb global_colors_info=\u00bb{}\u00bb][\/et_pb_image][et_pb_text _builder_version=\u00bb4.16&#8243; _module_preset=\u00bbdefault\u00bb global_colors_info=\u00bb{}\u00bb]<\/p>\n<h4><span style=\"color: #0d6805;\"><strong>ESPECIFICACIONES:<\/strong><\/span><\/h4>\n<p><span style=\"color: #000000;\">Juego de sacabocados individuales a golpe, compuesto por las siguientes medidas: 3, 5, 7, 9 y 11 mm.<\/span><\/p>\n<p><span style=\"color: #0d6805;\"><strong>PRESENTACI\u00d3N:<\/strong> <span style=\"color: #000000;\">Caja x 6 unidades.<\/span><strong><br \/><\/strong><\/span><\/p>\n<p>[\/et_pb_text][\/et_pb_column][et_pb_column type=\u00bb1_3&#8243; _builder_version=\u00bb4.16&#8243; _module_preset=\u00bbdefault\u00bb global_colors_info=\u00bb{}\u00bb][et_pb_text _builder_version=\u00bb4.16&#8243; _module_preset=\u00bbdefault\u00bb background_color=\u00bb#0d6805&#8243; custom_padding=\u00bb5px||5px|15px|false|false\u00bb global_colors_info=\u00bb{}\u00bb]<\/p>\n<h3><span style=\"color: #ffffff;\"><strong>5 Sacabocados par<\/strong><\/span><\/h3>\n<p>[\/et_pb_text][et_pb_image src=\u00bbhttps:\/\/www.herramientastoriano.com.ar\/web\/wp-content\/uploads\/2022\/01\/sacabocados-par1.jpg\u00bb title_text=\u00bbJDS02&#8243; show_in_lightbox=\u00bbon\u00bb _builder_version=\u00bb4.16&#8243; _module_preset=\u00bbdefault\u00bb global_colors_info=\u00bb{}\u00bb][\/et_pb_image][et_pb_text _builder_version=\u00bb4.16&#8243; _module_preset=\u00bbdefault\u00bb global_colors_info=\u00bb{}\u00bb]<\/p>\n<h4><span style=\"color: #0d6805;\"><strong>ESPECIFICACIONES:<\/strong><\/span><\/h4>\n<p><span style=\"color: #000000;\">Juego de sacabocados individuales a golpe, compuesto por las siguientes medidas: 4, 6, 8, 10 y  12mm.<\/span><\/p>\n<p><span style=\"color: #0d6805;\"><strong>PRESENTACI\u00d3N:<\/strong> <span style=\"color: #000000;\">Caja x 6 unidades.<\/span><strong><br \/>\n<\/strong><\/span>[\/et_pb_text][\/et_pb_column][et_pb_column type=\u00bb1_3&#8243; _builder_version=\u00bb4.16&#8243; _module_preset=\u00bbdefault\u00bb global_colors_info=\u00bb{}\u00bb][et_pb_text _builder_version=\u00bb4.16&#8243; _module_preset=\u00bbdefault\u00bb background_color=\u00bb#0d6805&#8243; custom_padding=\u00bb5px||5px|15px|false|false\u00bb global_colors_info=\u00bb{}\u00bb]<\/p>\n<h3><span style=\"color: #ffffff;\"><strong>Exhibidor \/ Expendedor<\/strong><\/span><\/h3>\n<p>[\/et_pb_text][et_pb_image src=\u00bbhttps:\/\/www.herramientastoriano.com.ar\/web\/wp-content\/uploads\/2022\/01\/Exhibidor.jpg\u00bb title_text=\u00bbExhibidor\u00bb show_in_lightbox=\u00bbon\u00bb _builder_version=\u00bb4.16&#8243; _module_preset=\u00bbdefault\u00bb global_colors_info=\u00bb{}\u00bb][\/et_pb_image][et_pb_text _builder_version=\u00bb4.17.3&#8243; _module_preset=\u00bbdefault\u00bb hover_enabled=\u00bb0&#8243; global_colors_info=\u00bb{}\u00bb sticky_enabled=\u00bb0&#8243;]<\/p>\n<h4><span style=\"color: #0d6805;\"><strong>ESPECIFICACIONES:<\/strong><\/span><\/h4>\n<p><span style=\"color: #000000;\">48 Sacabocados de distintas medidas. El exhibidor \/ expendedor se incluye sin costo.<\/span><\/p>\n<ul>\n<li><span style=\"color: #000000;\">Para colgar o apoyar.<\/span><\/li>\n<li><span style=\"color: #000000;\">F\u00e1cil control y mejor reposici\u00f3n del producto.<\/span><\/li>\n<li><span style=\"color: #000000;\">Mayor visualizaci\u00f3n de los sacabocados.<\/span><\/li>\n<li><span style=\"color: #000000;\">Cargado con medidas de 2 a 20 mm.<\/span><\/li>\n<\/ul>\n<h4><a href=\"https:\/\/www.herramientastoriano.com.ar\/web\/wp-content\/uploads\/2022\/03\/Herramientas-Toriano_Tabla-03.pdf\"><span style=\"color: #000000;\"><strong>VER TABLA EN PDF<\/strong><\/span><\/a><\/h4>\n<p><span style=\"color: #0d6805;\"><strong>PRESENTACI\u00d3N:<\/strong> <span style=\"color: #000000;\">Unidad<\/span><strong><br \/><\/strong><\/span><\/p>\n<p>[\/et_pb_text][\/et_pb_column][\/et_pb_row][\/et_pb_section]<\/p>\n","protected":false},"excerpt":{"rendered":"<p>Sacabocados Individuales a GolpePara realizar perforaciones de forma precisa en cart\u00f3n, cuero, corcho, goma, pl\u00e1stico, hojalata, etc. Nuestros sacabocados est\u00e1n fabricados en acero templado, con filos rectificados y acabado negro pav\u00f3n y moleteados. Envasados en skin pack individual.2 A 26 MMESPECIFICACIONES: VER TABLA EN PDF PRESENTACI\u00d3N: Unidad11 Sacabocados con soporteESPECIFICACIONES: Juego de sacabocados individuales a [&hellip;]<\/p>\n","protected":false},"author":1,"featured_media":0,"parent":90,"menu_order":0,"comment_status":"closed","ping_status":"closed","template":"","meta":{"_et_pb_use_builder":"on","_et_pb_old_content":"","_et_gb_content_width":"","_joinchat":[],"footnotes":""},"class_list":["post-288","page","type-page","status-publish","hentry"],"yoast_head":"<!-- This site is optimized with the Yoast SEO plugin v20.5 - https:\/\/yoast.com\/wordpress\/plugins\/seo\/ -->\n<title>Sacabocados Individuales a Golpe - Herramientas Toriano<\/title>\n<meta name=\"description\" content=\"Para realizar perforaciones de forma precisa en cart\u00f3n, cuero, corcho, goma, pl\u00e1stico, hojalata, etc.Nuestros sacabocados est\u00e1n fabricados en acero templado, con filos rectificados y acabado negro pav\u00f3n y moleteados. Envasados en skin pack individual.\" \/>\n<meta name=\"robots\" content=\"index, follow, max-snippet:-1, max-image-preview:large, max-video-preview:-1\" \/>\n<link rel=\"canonical\" href=\"https:\/\/www.herramientastoriano.com.ar\/web\/herramientas-de-mano\/sacabocados-individuales-a-golpe\/\" \/>\n<meta property=\"og:locale\" content=\"es_ES\" \/>\n<meta property=\"og:type\" content=\"article\" \/>\n<meta property=\"og:title\" content=\"Sacabocados Individuales a Golpe - Herramientas Toriano\" \/>\n<meta property=\"og:description\" content=\"Para realizar perforaciones de forma precisa en cart\u00f3n, cuero, corcho, goma, pl\u00e1stico, hojalata, etc.Nuestros sacabocados est\u00e1n fabricados en acero templado, con filos rectificados y acabado negro pav\u00f3n y moleteados. Envasados en skin pack individual.\" \/>\n<meta property=\"og:url\" content=\"https:\/\/www.herramientastoriano.com.ar\/web\/herramientas-de-mano\/sacabocados-individuales-a-golpe\/\" \/>\n<meta property=\"og:site_name\" content=\"Herramientas Toriano\" \/>\n<meta property=\"article:modified_time\" content=\"2022-05-03T16:37:19+00:00\" \/>\n<meta name=\"twitter:card\" content=\"summary_large_image\" \/>\n<meta name=\"twitter:label1\" content=\"Tiempo de lectura\" \/>\n\t<meta name=\"twitter:data1\" content=\"5 minutos\" \/>\n<script type=\"application\/ld+json\" class=\"yoast-schema-graph\">{\"@context\":\"https:\/\/schema.org\",\"@graph\":[{\"@type\":\"WebPage\",\"@id\":\"https:\/\/www.herramientastoriano.com.ar\/web\/herramientas-de-mano\/sacabocados-individuales-a-golpe\/\",\"url\":\"https:\/\/www.herramientastoriano.com.ar\/web\/herramientas-de-mano\/sacabocados-individuales-a-golpe\/\",\"name\":\"Sacabocados Individuales a Golpe - Herramientas Toriano\",\"isPartOf\":{\"@id\":\"https:\/\/www.herramientastoriano.com.ar\/web\/#website\"},\"datePublished\":\"2022-01-25T12:57:59+00:00\",\"dateModified\":\"2022-05-03T16:37:19+00:00\",\"description\":\"Para realizar perforaciones de forma precisa en cart\u00f3n, cuero, corcho, goma, pl\u00e1stico, hojalata, etc.Nuestros sacabocados est\u00e1n fabricados en acero templado, con filos rectificados y acabado negro pav\u00f3n y moleteados. Envasados en skin pack individual.\",\"breadcrumb\":{\"@id\":\"https:\/\/www.herramientastoriano.com.ar\/web\/herramientas-de-mano\/sacabocados-individuales-a-golpe\/#breadcrumb\"},\"inLanguage\":\"es\",\"potentialAction\":[{\"@type\":\"ReadAction\",\"target\":[\"https:\/\/www.herramientastoriano.com.ar\/web\/herramientas-de-mano\/sacabocados-individuales-a-golpe\/\"]}]},{\"@type\":\"BreadcrumbList\",\"@id\":\"https:\/\/www.herramientastoriano.com.ar\/web\/herramientas-de-mano\/sacabocados-individuales-a-golpe\/#breadcrumb\",\"itemListElement\":[{\"@type\":\"ListItem\",\"position\":1,\"name\":\"Portada\",\"item\":\"https:\/\/www.herramientastoriano.com.ar\/web\/\"},{\"@type\":\"ListItem\",\"position\":2,\"name\":\"Herramientas de Mano\",\"item\":\"https:\/\/www.herramientastoriano.com.ar\/web\/herramientas-de-mano\/\"},{\"@type\":\"ListItem\",\"position\":3,\"name\":\"Sacabocados Individuales a Golpe\"}]},{\"@type\":\"WebSite\",\"@id\":\"https:\/\/www.herramientastoriano.com.ar\/web\/#website\",\"url\":\"https:\/\/www.herramientastoriano.com.ar\/web\/\",\"name\":\"Herramientas Toriano\",\"description\":\"\",\"potentialAction\":[{\"@type\":\"SearchAction\",\"target\":{\"@type\":\"EntryPoint\",\"urlTemplate\":\"https:\/\/www.herramientastoriano.com.ar\/web\/?s={search_term_string}\"},\"query-input\":\"required name=search_term_string\"}],\"inLanguage\":\"es\"}]}<\/script>\n<!-- \/ Yoast SEO plugin. -->","yoast_head_json":{"title":"Sacabocados Individuales a Golpe - Herramientas Toriano","description":"Para realizar perforaciones de forma precisa en cart\u00f3n, cuero, corcho, goma, pl\u00e1stico, hojalata, etc.Nuestros sacabocados est\u00e1n fabricados en acero templado, con filos rectificados y acabado negro pav\u00f3n y moleteados. Envasados en skin pack individual.","robots":{"index":"index","follow":"follow","max-snippet":"max-snippet:-1","max-image-preview":"max-image-preview:large","max-video-preview":"max-video-preview:-1"},"canonical":"https:\/\/www.herramientastoriano.com.ar\/web\/herramientas-de-mano\/sacabocados-individuales-a-golpe\/","og_locale":"es_ES","og_type":"article","og_title":"Sacabocados Individuales a Golpe - Herramientas Toriano","og_description":"Para realizar perforaciones de forma precisa en cart\u00f3n, cuero, corcho, goma, pl\u00e1stico, hojalata, etc.Nuestros sacabocados est\u00e1n fabricados en acero templado, con filos rectificados y acabado negro pav\u00f3n y moleteados. Envasados en skin pack individual.","og_url":"https:\/\/www.herramientastoriano.com.ar\/web\/herramientas-de-mano\/sacabocados-individuales-a-golpe\/","og_site_name":"Herramientas Toriano","article_modified_time":"2022-05-03T16:37:19+00:00","twitter_card":"summary_large_image","twitter_misc":{"Tiempo de lectura":"5 minutos"},"schema":{"@context":"https:\/\/schema.org","@graph":[{"@type":"WebPage","@id":"https:\/\/www.herramientastoriano.com.ar\/web\/herramientas-de-mano\/sacabocados-individuales-a-golpe\/","url":"https:\/\/www.herramientastoriano.com.ar\/web\/herramientas-de-mano\/sacabocados-individuales-a-golpe\/","name":"Sacabocados Individuales a Golpe - Herramientas Toriano","isPartOf":{"@id":"https:\/\/www.herramientastoriano.com.ar\/web\/#website"},"datePublished":"2022-01-25T12:57:59+00:00","dateModified":"2022-05-03T16:37:19+00:00","description":"Para realizar perforaciones de forma precisa en cart\u00f3n, cuero, corcho, goma, pl\u00e1stico, hojalata, etc.Nuestros sacabocados est\u00e1n fabricados en acero templado, con filos rectificados y acabado negro pav\u00f3n y moleteados. Envasados en skin pack individual.","breadcrumb":{"@id":"https:\/\/www.herramientastoriano.com.ar\/web\/herramientas-de-mano\/sacabocados-individuales-a-golpe\/#breadcrumb"},"inLanguage":"es","potentialAction":[{"@type":"ReadAction","target":["https:\/\/www.herramientastoriano.com.ar\/web\/herramientas-de-mano\/sacabocados-individuales-a-golpe\/"]}]},{"@type":"BreadcrumbList","@id":"https:\/\/www.herramientastoriano.com.ar\/web\/herramientas-de-mano\/sacabocados-individuales-a-golpe\/#breadcrumb","itemListElement":[{"@type":"ListItem","position":1,"name":"Portada","item":"https:\/\/www.herramientastoriano.com.ar\/web\/"},{"@type":"ListItem","position":2,"name":"Herramientas de Mano","item":"https:\/\/www.herramientastoriano.com.ar\/web\/herramientas-de-mano\/"},{"@type":"ListItem","position":3,"name":"Sacabocados Individuales a Golpe"}]},{"@type":"WebSite","@id":"https:\/\/www.herramientastoriano.com.ar\/web\/#website","url":"https:\/\/www.herramientastoriano.com.ar\/web\/","name":"Herramientas Toriano","description":"","potentialAction":[{"@type":"SearchAction","target":{"@type":"EntryPoint","urlTemplate":"https:\/\/www.herramientastoriano.com.ar\/web\/?s={search_term_string}"},"query-input":"required name=search_term_string"}],"inLanguage":"es"}]}},"_links":{"self":[{"href":"https:\/\/www.herramientastoriano.com.ar\/web\/wp-json\/wp\/v2\/pages\/288","targetHints":{"allow":["GET"]}}],"collection":[{"href":"https:\/\/www.herramientastoriano.com.ar\/web\/wp-json\/wp\/v2\/pages"}],"about":[{"href":"https:\/\/www.herramientastoriano.com.ar\/web\/wp-json\/wp\/v2\/types\/page"}],"author":[{"embeddable":true,"href":"https:\/\/www.herramientastoriano.com.ar\/web\/wp-json\/wp\/v2\/users\/1"}],"replies":[{"embeddable":true,"href":"https:\/\/www.herramientastoriano.com.ar\/web\/wp-json\/wp\/v2\/comments?post=288"}],"version-history":[{"count":23,"href":"https:\/\/www.herramientastoriano.com.ar\/web\/wp-json\/wp\/v2\/pages\/288\/revisions"}],"predecessor-version":[{"id":1006,"href":"https:\/\/www.herramientastoriano.com.ar\/web\/wp-json\/wp\/v2\/pages\/288\/revisions\/1006"}],"up":[{"embeddable":true,"href":"https:\/\/www.herramientastoriano.com.ar\/web\/wp-json\/wp\/v2\/pages\/90"}],"wp:attachment":[{"href":"https:\/\/www.herramientastoriano.com.ar\/web\/wp-json\/wp\/v2\/media?parent=288"}],"curies":[{"name":"wp","href":"https:\/\/api.w.org\/{rel}","templated":true}]}}