{"id":366,"date":"2022-02-03T12:04:21","date_gmt":"2022-02-03T12:04:21","guid":{"rendered":"https:\/\/www.herramientastoriano.com.ar\/web\/?page_id=366"},"modified":"2022-03-20T15:23:52","modified_gmt":"2022-03-20T15:23:52","slug":"brunidores-para-motores-de-2-tiempos-y-micromotores","status":"publish","type":"page","link":"https:\/\/www.herramientastoriano.com.ar\/web\/herramientas-para-rectificacion\/brunidores-para-motores-de-2-tiempos-y-micromotores\/","title":{"rendered":"Bru\u00f1idores para Motores de 2 tiempos y Micromotores"},"content":{"rendered":"<p>[et_pb_section fb_built=\u00bb1&#8243; admin_label=\u00bbHeather\u00bb _builder_version=\u00bb4.14.8&#8243; _module_preset=\u00bbdefault\u00bb background_color=\u00bb#B3B3B3&#8243; background_enable_image=\u00bboff\u00bb custom_margin=\u00bb0px||0px||false|false\u00bb custom_padding=\u00bb0px||0px||false|false\u00bb da_disable_devices=\u00bboff|off|off\u00bb collapsed=\u00bboff\u00bb global_colors_info=\u00bb{}\u00bb da_is_popup=\u00bboff\u00bb da_exit_intent=\u00bboff\u00bb da_has_close=\u00bbon\u00bb da_alt_close=\u00bboff\u00bb da_dark_close=\u00bboff\u00bb da_not_modal=\u00bbon\u00bb da_is_singular=\u00bboff\u00bb da_with_loader=\u00bboff\u00bb da_has_shadow=\u00bbon\u00bb][et_pb_row _builder_version=\u00bb4.14.2&#8243; _module_preset=\u00bbdefault\u00bb custom_margin=\u00bb||||false|false\u00bb custom_padding=\u00bb||||false|false\u00bb collapsed=\u00bboff\u00bb global_colors_info=\u00bb{}\u00bb][et_pb_column type=\u00bb4_4&#8243; _builder_version=\u00bb4.14.2&#8243; _module_preset=\u00bbdefault\u00bb global_colors_info=\u00bb{}\u00bb][et_pb_text _builder_version=\u00bb4.14.8&#8243; _module_preset=\u00bbdefault\u00bb text_font=\u00bb|700||on|||||\u00bb text_text_color=\u00bb#FFFFFF\u00bb global_colors_info=\u00bb{}\u00bb]<\/p>\n<h1 style=\"text-align: left;\"><strong>Bru\u00f1idores para Motores de 2 tiempos y Micromotores<\/strong><\/h1>\n<p>[\/et_pb_text][\/et_pb_column][\/et_pb_row][\/et_pb_section][et_pb_section fb_built=\u00bb1&#8243; _builder_version=\u00bb4.14.2&#8243; _module_preset=\u00bbdefault\u00bb custom_margin=\u00bb0px||50px||false|false\u00bb da_disable_devices=\u00bboff|off|off\u00bb global_colors_info=\u00bb{}\u00bb da_is_popup=\u00bboff\u00bb da_exit_intent=\u00bboff\u00bb da_has_close=\u00bbon\u00bb da_alt_close=\u00bboff\u00bb da_dark_close=\u00bboff\u00bb da_not_modal=\u00bbon\u00bb da_is_singular=\u00bboff\u00bb da_with_loader=\u00bboff\u00bb da_has_shadow=\u00bbon\u00bb][et_pb_row disabled_on=\u00bbon|on|on\u00bb _builder_version=\u00bb4.14.5&#8243; _module_preset=\u00bbdefault\u00bb disabled=\u00bbon\u00bb collapsed=\u00bbon\u00bb global_colors_info=\u00bb{}\u00bb][et_pb_column type=\u00bb4_4&#8243; _builder_version=\u00bb4.14.5&#8243; _module_preset=\u00bbdefault\u00bb global_colors_info=\u00bb{}\u00bb][et_pb_text _builder_version=\u00bb4.14.5&#8243; _module_preset=\u00bbdefault\u00bb global_colors_info=\u00bb{}\u00bb]<\/p>\n<h4><span style=\"color: #000000;\">Sacabocados para realizar perforaciones, arandelas, juntas en cuero, pl\u00e1stico, cart\u00f3n, corcho, hojalata.<\/span><\/h4>\n<h4><span style=\"color: #000000;\">Nuestros juegos est\u00e1n fabricados en acero templado, filos rectificados y acabado negro pav\u00f3n.<\/span><\/h4>\n<p>[\/et_pb_text][\/et_pb_column][\/et_pb_row][et_pb_row column_structure=\u00bb1_2,1_2&#8243; _builder_version=\u00bb4.14.5&#8243; _module_preset=\u00bbdefault\u00bb collapsed=\u00bboff\u00bb global_colors_info=\u00bb{}\u00bb][et_pb_column type=\u00bb1_2&#8243; _builder_version=\u00bb4.14.5&#8243; _module_preset=\u00bbdefault\u00bb global_colors_info=\u00bb{}\u00bb][et_pb_text _builder_version=\u00bb4.14.7&#8243; _module_preset=\u00bbdefault\u00bb background_color=\u00bb#0d6805&#8243; custom_padding=\u00bb5px||5px|15px|false|false\u00bb global_colors_info=\u00bb{}\u00bb]<\/p>\n<h3><span style=\"color: #ffffff;\"><strong>AT 0 &#8211; MODELO VERTICAL<\/strong><\/span><\/h3>\n<p>[\/et_pb_text][et_pb_image src=\u00bbhttps:\/\/www.herramientastoriano.com.ar\/web\/wp-content\/uploads\/2022\/02\/AT0-AT02-AT03.jpg\u00bb show_in_lightbox=\u00bbon\u00bb _builder_version=\u00bb4.14.7&#8243; _module_preset=\u00bbdefault\u00bb global_colors_info=\u00bb{}\u00bb][\/et_pb_image][et_pb_text _builder_version=\u00bb4.14.9&#8243; _module_preset=\u00bbdefault\u00bb global_colors_info=\u00bb{}\u00bb]<\/p>\n<h4><span style=\"color: #0d6805;\"><strong>ESPECIFICACIONES:<\/strong><\/span><\/h4>\n<p><span style=\"color: #000000;\"><strong>Rango de expansi\u00f3n:<\/strong> 38 a 50 mm.<\/span><br \/><span style=\"color: #000000;\"><strong>Cantidad de porta piedras:<\/strong> 5<\/span><br \/><span style=\"color: #000000;\"><strong>Largo de piedras:<\/strong> 127 mm.<\/span><br \/><span style=\"color: #000000;\">Contiene dos juegos de cinco porta piedras equipados<br \/>con limas de carburo de silicio.<\/span><br \/><span style=\"color: #000000;\"><strong>Juego Standard \u2013 Expansi\u00f3n:<\/strong> 38 a 46 mm.<\/span><br \/><span style=\"color: #000000;\"><strong>Juego Supermedida \u2013 Expansi\u00f3n:<\/strong> 42 a 50 mm.<\/span><br \/><span style=\"color: #000000;\"><strong>Limas Standard:<\/strong> 4 x 4 x 127 mm.<\/span><br \/><span style=\"color: #000000;\"><strong>Limas Supermedida:<\/strong> 4 x 6 x 127 mm.<\/span><br \/><span style=\"color: #000000;\"><strong>Opcional:<\/strong> Limas diamantadas<\/span><\/p>\n<p>[\/et_pb_text][\/et_pb_column][et_pb_column type=\u00bb1_2&#8243; _builder_version=\u00bb4.14.5&#8243; _module_preset=\u00bbdefault\u00bb global_colors_info=\u00bb{}\u00bb][et_pb_text _builder_version=\u00bb4.14.7&#8243; _module_preset=\u00bbdefault\u00bb background_color=\u00bb#0d6805&#8243; custom_padding=\u00bb5px||5px|15px|false|false\u00bb hover_enabled=\u00bb0&#8243; global_colors_info=\u00bb{}\u00bb sticky_enabled=\u00bb0&#8243;]<\/p>\n<h3><span style=\"color: #ffffff;\"><strong>AT 0 &#8211; MODELO HORIZONTAL<\/strong><\/span><\/h3>\n<p>[\/et_pb_text][et_pb_image src=\u00bbhttps:\/\/www.herramientastoriano.com.ar\/web\/wp-content\/uploads\/2022\/03\/Brun\u0303idor-horizontal.jpg\u00bb title_text=\u00bbJDS02&#8243; show_in_lightbox=\u00bbon\u00bb _builder_version=\u00bb4.14.9&#8243; _module_preset=\u00bbdefault\u00bb global_colors_info=\u00bb{}\u00bb][\/et_pb_image][et_pb_text _builder_version=\u00bb4.14.9&#8243; _module_preset=\u00bbdefault\u00bb hover_enabled=\u00bb0&#8243; global_colors_info=\u00bb{}\u00bb sticky_enabled=\u00bb0&#8243;]<\/p>\n<h4><span style=\"color: #0d6805;\"><strong>ESPECIFICACIONES:<\/strong><\/span><\/h4>\n<p><span style=\"color: #000000;\"><strong>Rango de expansi\u00f3n:<\/strong> 38 a 50 mm.<\/span><br \/><span style=\"color: #000000;\"><strong>Cantidad de porta piedras:<\/strong> 5<\/span><br \/><span style=\"color: #000000;\"><strong>Largo de piedras:<\/strong> 127 mm.<\/span><br \/><span style=\"color: #000000;\">Contiene dos juegos de cinco porta piedras equipados<br \/>con limas de carburo de silicio. Opcional limas diamantadas.<\/span><br \/><span style=\"color: #000000;\"><strong>Juego Standard \u2013 Expansi\u00f3n:<\/strong> 38 a 46 mm.<\/span><br \/><span style=\"color: #000000;\"><strong>Juego Supermedida \u2013 Expansi\u00f3n:<\/strong> 42 a 50 mm.<\/span><br \/><span style=\"color: #000000;\"><strong>Limas Standard:<\/strong> 4 x 4 x 127 mm.<\/span><br \/><span style=\"color: #000000;\"><strong>Limas Supermedida:<\/strong> 4 x 6 x 127 mm.<\/span><br \/><span style=\"color: #000000;\"><strong>Agarre en m\u00e1quina<br \/><\/strong>Di\u00e1metro exterior: 22 mm.<\/span><br \/><span style=\"color: #000000;\">Di\u00e1metro interior: 9 mm.<\/span><\/p>\n<p><span style=\"color: #0d6805;\"><strong>\u00a0<\/strong><\/span><\/p>\n<p>[\/et_pb_text][\/et_pb_column][\/et_pb_row][et_pb_row column_structure=\u00bb1_2,1_2&#8243; _builder_version=\u00bb4.14.5&#8243; _module_preset=\u00bbdefault\u00bb collapsed=\u00bboff\u00bb global_colors_info=\u00bb{}\u00bb][et_pb_column type=\u00bb1_2&#8243; _builder_version=\u00bb4.14.5&#8243; _module_preset=\u00bbdefault\u00bb global_colors_info=\u00bb{}\u00bb][et_pb_text _builder_version=\u00bb4.14.7&#8243; _module_preset=\u00bbdefault\u00bb background_color=\u00bb#0d6805&#8243; custom_padding=\u00bb5px||5px|15px|false|false\u00bb global_colors_info=\u00bb{}\u00bb]<\/p>\n<h3><span style=\"color: #ffffff;\"><strong>AT02 &#8211; MODELO VERTICAL<\/strong><\/span><\/h3>\n<p>[\/et_pb_text][et_pb_image src=\u00bbhttps:\/\/www.herramientastoriano.com.ar\/web\/wp-content\/uploads\/2022\/02\/AT0-AT02-AT03.jpg\u00bb show_in_lightbox=\u00bbon\u00bb _builder_version=\u00bb4.14.7&#8243; _module_preset=\u00bbdefault\u00bb global_colors_info=\u00bb{}\u00bb][\/et_pb_image][et_pb_text _builder_version=\u00bb4.14.9&#8243; _module_preset=\u00bbdefault\u00bb global_colors_info=\u00bb{}\u00bb]<\/p>\n<h4><span style=\"color: #0d6805;\"><strong>ESPECIFICACIONES:<\/strong><\/span><\/h4>\n<p><span style=\"color: #000000;\"><strong>Rango de expansi\u00f3n:<\/strong> 48 a 64 mm.<\/span><br \/><span style=\"color: #000000;\"><strong>Cantidad de porta piedras:<\/strong> 5<\/span><br \/><span style=\"color: #000000;\"><strong>Largo de piedras:<\/strong> 127mm.<\/span><br \/><span style=\"color: #000000;\">Contiene dos juegos de cinco porta piedras equipados<br \/>con limas de carburo de silicio.<\/span><br \/><span style=\"color: #000000;\"><strong>Juego Standard \u2013 Expansi\u00f3n:<\/strong> 48 a 57 mm.<\/span><br \/><span style=\"color: #000000;\"><strong>Juego Supermedida \u2013 Expansi\u00f3n:<\/strong> 56 a 64 mm.<\/span><br \/><span style=\"color: #000000;\"><strong>Limas Standard:<\/strong> 4 x 4 x 127 mm.<\/span><br \/><span style=\"color: #000000;\"><strong>Limas Supermedida:<\/strong> 4 x 8 x 127 mm.<\/span><br \/><span style=\"color: #000000;\"><strong>Opcional:<\/strong> Limas diamantadas.<\/span><\/p>\n<p>[\/et_pb_text][\/et_pb_column][et_pb_column type=\u00bb1_2&#8243; _builder_version=\u00bb4.14.5&#8243; _module_preset=\u00bbdefault\u00bb global_colors_info=\u00bb{}\u00bb][et_pb_text _builder_version=\u00bb4.14.7&#8243; _module_preset=\u00bbdefault\u00bb background_color=\u00bb#0d6805&#8243; custom_padding=\u00bb5px||5px|15px|false|false\u00bb global_colors_info=\u00bb{}\u00bb]<\/p>\n<h3><span style=\"color: #ffffff;\"><strong>AT02 &#8211; MODELO HORIZONTAL<\/strong><\/span><\/h3>\n<p>[\/et_pb_text][et_pb_image src=\u00bbhttps:\/\/www.herramientastoriano.com.ar\/web\/wp-content\/uploads\/2022\/03\/Brun\u0303idor-horizontal.jpg\u00bb show_in_lightbox=\u00bbon\u00bb _builder_version=\u00bb4.14.9&#8243; _module_preset=\u00bbdefault\u00bb global_colors_info=\u00bb{}\u00bb][\/et_pb_image][et_pb_text _builder_version=\u00bb4.14.9&#8243; _module_preset=\u00bbdefault\u00bb hover_enabled=\u00bb0&#8243; global_colors_info=\u00bb{}\u00bb sticky_enabled=\u00bb0&#8243;]<\/p>\n<h4><span style=\"color: #0d6805;\"><strong>ESPECIFICACIONES:<\/strong><\/span><\/h4>\n<p><span style=\"color: #000000;\"><strong>Rango de expansi\u00f3n:<\/strong> 48 a 64 mm.<\/span><br \/><span style=\"color: #000000;\"><strong>Cantidad de porta piedras:<\/strong> 5<\/span><br \/><span style=\"color: #000000;\"><strong>Largo de piedras:<\/strong> 127mm.<\/span><br \/><span style=\"color: #000000;\">Contiene dos juegos de cinco porta piedras equipados<br \/>con limas de carburo de silicio. Opcional limas diamantadas.\u200b<\/span><br \/><span style=\"color: #000000;\"><strong>Juego Standard \u2013 Expansi\u00f3n:<\/strong> 48 a 57 mm.<\/span><br \/><span style=\"color: #000000;\"><strong>Juego Supermedida \u2013 Expansi\u00f3n:<\/strong> 56 a 64 mm.<\/span><br \/><span style=\"color: #000000;\"><strong>Limas Standard:<\/strong> 4 x 4 x 127 mm.<\/span><br \/><span style=\"color: #000000;\"><strong>Limas Supermedida:<\/strong> 4 x 8 x 127 mm.<\/span><br \/><span style=\"color: #000000;\"><strong>Agarre en m\u00e1quina <br \/><\/strong>Di\u00e1metro exterior: 22 mm.<\/span><br \/><span style=\"color: #000000;\">Di\u00e1metro interior: 14 mm.<\/span><\/p>\n<p><span style=\"color: #0d6805;\"><strong>\u00a0<\/strong><\/span><\/p>\n<p>[\/et_pb_text][\/et_pb_column][\/et_pb_row][et_pb_row column_structure=\u00bb1_2,1_2&#8243; _builder_version=\u00bb4.14.5&#8243; _module_preset=\u00bbdefault\u00bb collapsed=\u00bboff\u00bb global_colors_info=\u00bb{}\u00bb][et_pb_column type=\u00bb1_2&#8243; _builder_version=\u00bb4.14.5&#8243; _module_preset=\u00bbdefault\u00bb global_colors_info=\u00bb{}\u00bb][et_pb_text _builder_version=\u00bb4.14.7&#8243; _module_preset=\u00bbdefault\u00bb background_color=\u00bb#0d6805&#8243; custom_padding=\u00bb5px||5px|15px|false|false\u00bb global_colors_info=\u00bb{}\u00bb]<\/p>\n<h3><span style=\"color: #ffffff;\"><strong>AT03 &#8211; MODELO VERTICAL<\/strong><\/span><\/h3>\n<p>[\/et_pb_text][et_pb_image src=\u00bbhttps:\/\/www.herramientastoriano.com.ar\/web\/wp-content\/uploads\/2022\/02\/AT0-AT02-AT03.jpg\u00bb show_in_lightbox=\u00bbon\u00bb _builder_version=\u00bb4.14.7&#8243; _module_preset=\u00bbdefault\u00bb global_colors_info=\u00bb{}\u00bb][\/et_pb_image][et_pb_text _builder_version=\u00bb4.14.9&#8243; _module_preset=\u00bbdefault\u00bb global_colors_info=\u00bb{}\u00bb]<\/p>\n<h4><span style=\"color: #0d6805;\"><strong>ESPECIFICACIONES:<\/strong><\/span><\/h4>\n<p><span style=\"color: #000000;\"><strong>Rango de expansi\u00f3n:<\/strong> 62 a 78 mm.<\/span><br \/><span style=\"color: #000000;\"><strong>Cantidad de porta piedras:<\/strong> 5<\/span><br \/><span style=\"color: #000000;\"><strong>Largo de piedras:<\/strong> 127mm.<\/span><br \/><span style=\"color: #000000;\">Contiene dos juegos de cinco porta piedras equipados<br \/>con limas de carburo de silicio.<\/span><br \/><span style=\"color: #000000;\"><strong>Juego Standard \u2013 Expansi\u00f3n:<\/strong> 62 a 70 mm.<\/span><br \/><span style=\"color: #000000;\"><strong>Juego Supermedida \u2013 Expansi\u00f3n:<\/strong> 70 a 78 mm.<\/span><br \/><span style=\"color: #000000;\"><strong>Limas Standard:<\/strong> 4 x 4 x 127 mm.<\/span><br \/><span style=\"color: #000000;\"><strong>Limas Supermedida:<\/strong> 4 x 8 x 127 mm.<\/span><br \/><span style=\"color: #000000;\"><strong>Opcional:<\/strong> Limas diamantadas.<\/span><\/p>\n<p><span style=\"color: #000000;\">\u00a0<\/span><\/p>\n<p>[\/et_pb_text][\/et_pb_column][et_pb_column type=\u00bb1_2&#8243; _builder_version=\u00bb4.14.5&#8243; _module_preset=\u00bbdefault\u00bb global_colors_info=\u00bb{}\u00bb][et_pb_text _builder_version=\u00bb4.14.7&#8243; _module_preset=\u00bbdefault\u00bb background_color=\u00bb#0d6805&#8243; custom_padding=\u00bb5px||5px|15px|false|false\u00bb global_colors_info=\u00bb{}\u00bb]<\/p>\n<h3><span style=\"color: #ffffff;\"><strong>AT03 &#8211; MODELO HORIZONTAL<\/strong><\/span><\/h3>\n<p>[\/et_pb_text][et_pb_image src=\u00bbhttps:\/\/www.herramientastoriano.com.ar\/web\/wp-content\/uploads\/2022\/03\/Brun\u0303idor-horizontal.jpg\u00bb show_in_lightbox=\u00bbon\u00bb _builder_version=\u00bb4.14.9&#8243; _module_preset=\u00bbdefault\u00bb global_colors_info=\u00bb{}\u00bb][\/et_pb_image][et_pb_text _builder_version=\u00bb4.14.9&#8243; _module_preset=\u00bbdefault\u00bb hover_enabled=\u00bb0&#8243; global_colors_info=\u00bb{}\u00bb sticky_enabled=\u00bb0&#8243;]<\/p>\n<h4><span style=\"color: #0d6805;\"><strong>ESPECIFICACIONES:<\/strong><\/span><\/h4>\n<p><span style=\"color: #000000;\"><strong>Rango de expansi\u00f3n:<\/strong> 62 a 78 mm.<\/span><br \/><span style=\"color: #000000;\"><strong>Cantidad de porta piedras:<\/strong> 5<\/span><br \/><span style=\"color: #000000;\"><strong>Largo de piedras:<\/strong> 127mm.<\/span><br \/><span style=\"color: #000000;\">Contiene dos juegos de cinco porta piedras equipados<br \/>con limas de carburo de silicio. Opcional limas diamantadas.<\/span><br \/><span style=\"color: #000000;\"><strong>Juego Standard \u2013 Expansi\u00f3n:<\/strong> 62 a 70 mm.<\/span><br \/><span style=\"color: #000000;\"><strong>Juego Supermedida \u2013 Expansi\u00f3n:<\/strong> 70 a 78 mm.<\/span><br \/><span style=\"color: #000000;\"><strong>Limas Standard:<\/strong> 4 x 4 x 127 mm.<\/span><br \/><span style=\"color: #000000;\"><strong>Limas Supermedida:<\/strong> 4 x 8 x 127 mm.<\/span><br \/><span style=\"color: #000000;\"><strong>Agarre en m\u00e1quina<br \/><\/strong>Di\u00e1metro exterior: 30 mm.<\/span><br \/><span style=\"color: #000000;\">Di\u00e1metro interior: 14 mm.<\/span><\/p>\n<p><span style=\"color: #000000;\"><strong>\u00a0<\/strong><\/span><\/p>\n<p><span style=\"color: #000000;\">\u00a0<\/span><\/p>\n<p><span style=\"color: #0d6805;\"><strong>\u00a0<\/strong><\/span><\/p>\n<p>[\/et_pb_text][\/et_pb_column][\/et_pb_row][\/et_pb_section]<\/p>\n","protected":false},"excerpt":{"rendered":"<p>Bru\u00f1idores para Motores de 2 tiempos y MicromotoresSacabocados para realizar perforaciones, arandelas, juntas en cuero, pl\u00e1stico, cart\u00f3n, corcho, hojalata. Nuestros juegos est\u00e1n fabricados en acero templado, filos rectificados y acabado negro pav\u00f3n.AT 0 &#8211; MODELO VERTICALESPECIFICACIONES: Rango de expansi\u00f3n: 38 a 50 mm.Cantidad de porta piedras: 5Largo de piedras: 127 mm.Contiene dos juegos de cinco [&hellip;]<\/p>\n","protected":false},"author":1,"featured_media":0,"parent":164,"menu_order":0,"comment_status":"closed","ping_status":"closed","template":"","meta":{"_et_pb_use_builder":"on","_et_pb_old_content":"","_et_gb_content_width":"","_joinchat":[],"footnotes":""},"class_list":["post-366","page","type-page","status-publish","hentry"],"yoast_head":"<!-- This site is optimized with the Yoast SEO plugin v20.5 - https:\/\/yoast.com\/wordpress\/plugins\/seo\/ -->\n<title>Bru\u00f1idores para Motores de 2 tiempos y Micromotores - Herramientas Toriano<\/title>\n<meta name=\"robots\" content=\"index, follow, max-snippet:-1, max-image-preview:large, max-video-preview:-1\" \/>\n<link rel=\"canonical\" href=\"https:\/\/www.herramientastoriano.com.ar\/web\/herramientas-para-rectificacion\/brunidores-para-motores-de-2-tiempos-y-micromotores\/\" \/>\n<meta property=\"og:locale\" content=\"es_ES\" \/>\n<meta property=\"og:type\" content=\"article\" \/>\n<meta property=\"og:title\" content=\"Bru\u00f1idores para Motores de 2 tiempos y Micromotores - Herramientas Toriano\" \/>\n<meta property=\"og:description\" content=\"Bru\u00f1idores para Motores de 2 tiempos y MicromotoresSacabocados para realizar perforaciones, arandelas, juntas en cuero, pl\u00e1stico, cart\u00f3n, corcho, hojalata. Nuestros juegos est\u00e1n fabricados en acero templado, filos rectificados y acabado negro pav\u00f3n.AT 0 - MODELO VERTICALESPECIFICACIONES: Rango de expansi\u00f3n: 38 a 50 mm.Cantidad de porta piedras: 5Largo de piedras: 127 mm.Contiene dos juegos de cinco [&hellip;]\" \/>\n<meta property=\"og:url\" content=\"https:\/\/www.herramientastoriano.com.ar\/web\/herramientas-para-rectificacion\/brunidores-para-motores-de-2-tiempos-y-micromotores\/\" \/>\n<meta property=\"og:site_name\" content=\"Herramientas Toriano\" \/>\n<meta property=\"article:modified_time\" content=\"2022-03-20T15:23:52+00:00\" \/>\n<meta name=\"twitter:card\" content=\"summary_large_image\" \/>\n<meta name=\"twitter:label1\" content=\"Tiempo de lectura\" \/>\n\t<meta name=\"twitter:data1\" content=\"6 minutos\" \/>\n<script type=\"application\/ld+json\" class=\"yoast-schema-graph\">{\"@context\":\"https:\/\/schema.org\",\"@graph\":[{\"@type\":\"WebPage\",\"@id\":\"https:\/\/www.herramientastoriano.com.ar\/web\/herramientas-para-rectificacion\/brunidores-para-motores-de-2-tiempos-y-micromotores\/\",\"url\":\"https:\/\/www.herramientastoriano.com.ar\/web\/herramientas-para-rectificacion\/brunidores-para-motores-de-2-tiempos-y-micromotores\/\",\"name\":\"Bru\u00f1idores para Motores de 2 tiempos y Micromotores - Herramientas Toriano\",\"isPartOf\":{\"@id\":\"https:\/\/www.herramientastoriano.com.ar\/web\/#website\"},\"datePublished\":\"2022-02-03T12:04:21+00:00\",\"dateModified\":\"2022-03-20T15:23:52+00:00\",\"breadcrumb\":{\"@id\":\"https:\/\/www.herramientastoriano.com.ar\/web\/herramientas-para-rectificacion\/brunidores-para-motores-de-2-tiempos-y-micromotores\/#breadcrumb\"},\"inLanguage\":\"es\",\"potentialAction\":[{\"@type\":\"ReadAction\",\"target\":[\"https:\/\/www.herramientastoriano.com.ar\/web\/herramientas-para-rectificacion\/brunidores-para-motores-de-2-tiempos-y-micromotores\/\"]}]},{\"@type\":\"BreadcrumbList\",\"@id\":\"https:\/\/www.herramientastoriano.com.ar\/web\/herramientas-para-rectificacion\/brunidores-para-motores-de-2-tiempos-y-micromotores\/#breadcrumb\",\"itemListElement\":[{\"@type\":\"ListItem\",\"position\":1,\"name\":\"Portada\",\"item\":\"https:\/\/www.herramientastoriano.com.ar\/web\/\"},{\"@type\":\"ListItem\",\"position\":2,\"name\":\"Herramientas para Rectificaci\u00f3n\",\"item\":\"https:\/\/www.herramientastoriano.com.ar\/web\/herramientas-para-rectificacion\/\"},{\"@type\":\"ListItem\",\"position\":3,\"name\":\"Bru\u00f1idores para Motores de 2 tiempos y Micromotores\"}]},{\"@type\":\"WebSite\",\"@id\":\"https:\/\/www.herramientastoriano.com.ar\/web\/#website\",\"url\":\"https:\/\/www.herramientastoriano.com.ar\/web\/\",\"name\":\"Herramientas Toriano\",\"description\":\"\",\"potentialAction\":[{\"@type\":\"SearchAction\",\"target\":{\"@type\":\"EntryPoint\",\"urlTemplate\":\"https:\/\/www.herramientastoriano.com.ar\/web\/?s={search_term_string}\"},\"query-input\":\"required name=search_term_string\"}],\"inLanguage\":\"es\"}]}<\/script>\n<!-- \/ Yoast SEO plugin. -->","yoast_head_json":{"title":"Bru\u00f1idores para Motores de 2 tiempos y Micromotores - Herramientas Toriano","robots":{"index":"index","follow":"follow","max-snippet":"max-snippet:-1","max-image-preview":"max-image-preview:large","max-video-preview":"max-video-preview:-1"},"canonical":"https:\/\/www.herramientastoriano.com.ar\/web\/herramientas-para-rectificacion\/brunidores-para-motores-de-2-tiempos-y-micromotores\/","og_locale":"es_ES","og_type":"article","og_title":"Bru\u00f1idores para Motores de 2 tiempos y Micromotores - Herramientas Toriano","og_description":"Bru\u00f1idores para Motores de 2 tiempos y MicromotoresSacabocados para realizar perforaciones, arandelas, juntas en cuero, pl\u00e1stico, cart\u00f3n, corcho, hojalata. Nuestros juegos est\u00e1n fabricados en acero templado, filos rectificados y acabado negro pav\u00f3n.AT 0 - MODELO VERTICALESPECIFICACIONES: Rango de expansi\u00f3n: 38 a 50 mm.Cantidad de porta piedras: 5Largo de piedras: 127 mm.Contiene dos juegos de cinco [&hellip;]","og_url":"https:\/\/www.herramientastoriano.com.ar\/web\/herramientas-para-rectificacion\/brunidores-para-motores-de-2-tiempos-y-micromotores\/","og_site_name":"Herramientas Toriano","article_modified_time":"2022-03-20T15:23:52+00:00","twitter_card":"summary_large_image","twitter_misc":{"Tiempo de lectura":"6 minutos"},"schema":{"@context":"https:\/\/schema.org","@graph":[{"@type":"WebPage","@id":"https:\/\/www.herramientastoriano.com.ar\/web\/herramientas-para-rectificacion\/brunidores-para-motores-de-2-tiempos-y-micromotores\/","url":"https:\/\/www.herramientastoriano.com.ar\/web\/herramientas-para-rectificacion\/brunidores-para-motores-de-2-tiempos-y-micromotores\/","name":"Bru\u00f1idores para Motores de 2 tiempos y Micromotores - Herramientas Toriano","isPartOf":{"@id":"https:\/\/www.herramientastoriano.com.ar\/web\/#website"},"datePublished":"2022-02-03T12:04:21+00:00","dateModified":"2022-03-20T15:23:52+00:00","breadcrumb":{"@id":"https:\/\/www.herramientastoriano.com.ar\/web\/herramientas-para-rectificacion\/brunidores-para-motores-de-2-tiempos-y-micromotores\/#breadcrumb"},"inLanguage":"es","potentialAction":[{"@type":"ReadAction","target":["https:\/\/www.herramientastoriano.com.ar\/web\/herramientas-para-rectificacion\/brunidores-para-motores-de-2-tiempos-y-micromotores\/"]}]},{"@type":"BreadcrumbList","@id":"https:\/\/www.herramientastoriano.com.ar\/web\/herramientas-para-rectificacion\/brunidores-para-motores-de-2-tiempos-y-micromotores\/#breadcrumb","itemListElement":[{"@type":"ListItem","position":1,"name":"Portada","item":"https:\/\/www.herramientastoriano.com.ar\/web\/"},{"@type":"ListItem","position":2,"name":"Herramientas para Rectificaci\u00f3n","item":"https:\/\/www.herramientastoriano.com.ar\/web\/herramientas-para-rectificacion\/"},{"@type":"ListItem","position":3,"name":"Bru\u00f1idores para Motores de 2 tiempos y Micromotores"}]},{"@type":"WebSite","@id":"https:\/\/www.herramientastoriano.com.ar\/web\/#website","url":"https:\/\/www.herramientastoriano.com.ar\/web\/","name":"Herramientas Toriano","description":"","potentialAction":[{"@type":"SearchAction","target":{"@type":"EntryPoint","urlTemplate":"https:\/\/www.herramientastoriano.com.ar\/web\/?s={search_term_string}"},"query-input":"required name=search_term_string"}],"inLanguage":"es"}]}},"_links":{"self":[{"href":"https:\/\/www.herramientastoriano.com.ar\/web\/wp-json\/wp\/v2\/pages\/366","targetHints":{"allow":["GET"]}}],"collection":[{"href":"https:\/\/www.herramientastoriano.com.ar\/web\/wp-json\/wp\/v2\/pages"}],"about":[{"href":"https:\/\/www.herramientastoriano.com.ar\/web\/wp-json\/wp\/v2\/types\/page"}],"author":[{"embeddable":true,"href":"https:\/\/www.herramientastoriano.com.ar\/web\/wp-json\/wp\/v2\/users\/1"}],"replies":[{"embeddable":true,"href":"https:\/\/www.herramientastoriano.com.ar\/web\/wp-json\/wp\/v2\/comments?post=366"}],"version-history":[{"count":17,"href":"https:\/\/www.herramientastoriano.com.ar\/web\/wp-json\/wp\/v2\/pages\/366\/revisions"}],"predecessor-version":[{"id":817,"href":"https:\/\/www.herramientastoriano.com.ar\/web\/wp-json\/wp\/v2\/pages\/366\/revisions\/817"}],"up":[{"embeddable":true,"href":"https:\/\/www.herramientastoriano.com.ar\/web\/wp-json\/wp\/v2\/pages\/164"}],"wp:attachment":[{"href":"https:\/\/www.herramientastoriano.com.ar\/web\/wp-json\/wp\/v2\/media?parent=366"}],"curies":[{"name":"wp","href":"https:\/\/api.w.org\/{rel}","templated":true}]}}