{"id":392,"date":"2022-02-03T14:40:25","date_gmt":"2022-02-03T14:40:25","guid":{"rendered":"https:\/\/www.herramientastoriano.com.ar\/web\/?page_id=392"},"modified":"2022-03-17T15:40:03","modified_gmt":"2022-03-17T15:40:03","slug":"brunidores-para-motores-de-4-tiempos","status":"publish","type":"page","link":"https:\/\/www.herramientastoriano.com.ar\/web\/herramientas-para-rectificacion\/brunidores-para-motores-de-4-tiempos\/","title":{"rendered":"Bru\u00f1idores para Motores de 4 tiempos"},"content":{"rendered":"<p>[et_pb_section fb_built=\u00bb1&#8243; admin_label=\u00bbHeather\u00bb _builder_version=\u00bb4.14.8&#8243; _module_preset=\u00bbdefault\u00bb background_color=\u00bb#B3B3B3&#8243; background_enable_image=\u00bboff\u00bb custom_margin=\u00bb0px||0px||false|false\u00bb custom_padding=\u00bb0px||0px||false|false\u00bb da_disable_devices=\u00bboff|off|off\u00bb collapsed=\u00bboff\u00bb global_colors_info=\u00bb{}\u00bb da_is_popup=\u00bboff\u00bb da_exit_intent=\u00bboff\u00bb da_has_close=\u00bbon\u00bb da_alt_close=\u00bboff\u00bb da_dark_close=\u00bboff\u00bb da_not_modal=\u00bbon\u00bb da_is_singular=\u00bboff\u00bb da_with_loader=\u00bboff\u00bb da_has_shadow=\u00bbon\u00bb][et_pb_row _builder_version=\u00bb4.14.2&#8243; _module_preset=\u00bbdefault\u00bb custom_margin=\u00bb||||false|false\u00bb custom_padding=\u00bb||||false|false\u00bb collapsed=\u00bboff\u00bb global_colors_info=\u00bb{}\u00bb][et_pb_column type=\u00bb4_4&#8243; _builder_version=\u00bb4.14.2&#8243; _module_preset=\u00bbdefault\u00bb global_colors_info=\u00bb{}\u00bb][et_pb_text _builder_version=\u00bb4.14.8&#8243; _module_preset=\u00bbdefault\u00bb text_font=\u00bb|700||on|||||\u00bb text_text_color=\u00bb#FFFFFF\u00bb global_colors_info=\u00bb{}\u00bb]<\/p>\n<h1 style=\"text-align: left;\"><strong>Bru\u00f1idores para Motores de 4 tiempos<\/strong><\/h1>\n<p>[\/et_pb_text][\/et_pb_column][\/et_pb_row][\/et_pb_section][et_pb_section fb_built=\u00bb1&#8243; _builder_version=\u00bb4.14.7&#8243; _module_preset=\u00bbdefault\u00bb custom_margin=\u00bb0px||0px||false|false\u00bb custom_padding=\u00bb||0px||false|false\u00bb da_disable_devices=\u00bboff|off|off\u00bb collapsed=\u00bboff\u00bb global_colors_info=\u00bb{}\u00bb da_is_popup=\u00bboff\u00bb da_exit_intent=\u00bboff\u00bb da_has_close=\u00bbon\u00bb da_alt_close=\u00bboff\u00bb da_dark_close=\u00bboff\u00bb da_not_modal=\u00bbon\u00bb da_is_singular=\u00bboff\u00bb da_with_loader=\u00bboff\u00bb da_has_shadow=\u00bbon\u00bb][et_pb_row disabled_on=\u00bbon|on|on\u00bb _builder_version=\u00bb4.14.5&#8243; _module_preset=\u00bbdefault\u00bb disabled=\u00bbon\u00bb collapsed=\u00bbon\u00bb global_colors_info=\u00bb{}\u00bb][et_pb_column type=\u00bb4_4&#8243; _builder_version=\u00bb4.14.5&#8243; _module_preset=\u00bbdefault\u00bb global_colors_info=\u00bb{}\u00bb][et_pb_text _builder_version=\u00bb4.14.5&#8243; _module_preset=\u00bbdefault\u00bb global_colors_info=\u00bb{}\u00bb]<\/p>\n<h4><span style=\"color: #000000;\">Sacabocados para realizar perforaciones, arandelas, juntas en cuero, pl\u00e1stico, cart\u00f3n, corcho, hojalata.<\/span><\/h4>\n<h4><span style=\"color: #000000;\">Nuestros juegos est\u00e1n fabricados en acero templado, filos rectificados y acabado negro pav\u00f3n.<\/span><\/h4>\n<p>[\/et_pb_text][\/et_pb_column][\/et_pb_row][et_pb_row column_structure=\u00bb1_3,1_3,1_3&#8243; _builder_version=\u00bb4.14.7&#8243; _module_preset=\u00bbdefault\u00bb custom_margin=\u00bb||0px||false|false\u00bb custom_padding=\u00bb||0px||false|false\u00bb collapsed=\u00bboff\u00bb global_colors_info=\u00bb{}\u00bb][et_pb_column type=\u00bb1_3&#8243; _builder_version=\u00bb4.14.5&#8243; _module_preset=\u00bbdefault\u00bb global_colors_info=\u00bb{}\u00bb][et_pb_text _builder_version=\u00bb4.14.9&#8243; _module_preset=\u00bbdefault\u00bb background_color=\u00bb#0d6805&#8243; custom_padding=\u00bb8px||5px|15px|false|false\u00bb global_colors_info=\u00bb{}\u00bb]<\/p>\n<h3><span style=\"color: #ffffff;\"><strong>AT 015<\/strong><\/span><\/h3>\n<p>[\/et_pb_text][et_pb_image src=\u00bbhttps:\/\/www.herramientastoriano.com.ar\/web\/wp-content\/uploads\/2022\/02\/AT-015.jpg\u00bb show_in_lightbox=\u00bbon\u00bb _builder_version=\u00bb4.14.7&#8243; _module_preset=\u00bbdefault\u00bb global_colors_info=\u00bb{}\u00bb][\/et_pb_image][et_pb_text _builder_version=\u00bb4.14.7&#8243; _module_preset=\u00bbdefault\u00bb global_colors_info=\u00bb{}\u00bb]<\/p>\n<h4><span style=\"color: #0d6805;\"><strong>ESPECIFICACIONES:<\/strong><\/span><\/h4>\n<p><span style=\"color: #000000;\"><strong>Rango de expansi\u00f3n:<\/strong> 43 a 57 mm.<\/span><br \/><span style=\"color: #000000;\"><strong>Cantidad de porta piedras:<\/strong> 5<\/span><br \/><span style=\"color: #000000;\"><strong>Largo de piedras:<\/strong> 76 mm.<\/span><br \/><span style=\"color: #000000;\">Contiene dos juegos de cinco porta piedras equipadas con limas de carburo de cilicio.<\/span><br \/><span style=\"color: #000000;\"><strong>Juego Standard \u2013 Expansi\u00f3n:<\/strong> 43 a 50 mm.<\/span><br \/><span style=\"color: #000000;\"><strong>Juego Supermedida \u2013 Expansi\u00f3n:<\/strong> 48 a 57 mm.<\/span><br \/><span style=\"color: #000000;\"><strong>Limas Standard:<\/strong> 9,5 x 9,5 x 76 mm.<\/span><br \/><span style=\"color: #000000;\"><strong>Limas Supermedida:<\/strong> 9,5 x 9,5 x 76 mm.<\/span><br \/><span style=\"color: #000000;\"><strong>Opcional:<\/strong> Limas diamantadas.<\/span><\/p>\n<p><span style=\"color: #000000;\">\u00a0<\/span><\/p>\n<p>[\/et_pb_text][\/et_pb_column][et_pb_column type=\u00bb1_3&#8243; _builder_version=\u00bb4.14.5&#8243; _module_preset=\u00bbdefault\u00bb global_colors_info=\u00bb{}\u00bb][et_pb_text _builder_version=\u00bb4.14.9&#8243; _module_preset=\u00bbdefault\u00bb background_color=\u00bb#0d6805&#8243; custom_padding=\u00bb8px||5px|15px|false|false\u00bb global_colors_info=\u00bb{}\u00bb]<\/p>\n<h3><span style=\"color: #ffffff;\"><strong>AT 1<\/strong><\/span><\/h3>\n<p>[\/et_pb_text][et_pb_image src=\u00bbhttps:\/\/www.herramientastoriano.com.ar\/web\/wp-content\/uploads\/2022\/02\/AT-1-2.jpg\u00bb title_text=\u00bbJDS02&#8243; show_in_lightbox=\u00bbon\u00bb _builder_version=\u00bb4.14.7&#8243; _module_preset=\u00bbdefault\u00bb global_colors_info=\u00bb{}\u00bb][\/et_pb_image][et_pb_text _builder_version=\u00bb4.14.7&#8243; _module_preset=\u00bbdefault\u00bb global_colors_info=\u00bb{}\u00bb]<\/p>\n<h4><span style=\"color: #0d6805;\"><strong>ESPECIFICACIONES:<\/strong><\/span><\/h4>\n<p><span style=\"color: #000000;\"><strong>Rango de expansi\u00f3n:<\/strong> 57 a 88 mm.<\/span><br \/><span style=\"color: #000000;\"><strong>Cantidad de porta piedras:<\/strong> 4<\/span><br \/><span style=\"color: #000000;\"><strong>Largo de piedras:<\/strong> 76 mm.<\/span><br \/><span style=\"color: #000000;\">Contiene dos juegos de cuatro porta piedras equipadas con limas de carburo de cilicio y gu\u00edas de tela y goma.<\/span><br \/><span style=\"color: #000000;\"><strong>Juego Standard \u2013 Expansi\u00f3n:<\/strong> 57 a 73 mm.<\/span><br \/><span style=\"color: #000000;\"><strong>Juego Supermedida \u2013 Expansi\u00f3n:<\/strong> 69 a 88 mm.<\/span><br \/><span style=\"color: #000000;\"><strong>Limas Standard:<\/strong> 9,5 x 9,5 x 76 mm.<\/span><br \/><span style=\"color: #000000;\"><strong>Limas Supermedida:<\/strong> 9,5 x 9,5 x 76 mm.<\/span><br \/><span style=\"color: #000000;\"><strong>Opcional:<\/strong> Limas diamantadas.<\/span><\/p>\n<p><span style=\"color: #000000;\">\u00a0<\/span><\/p>\n<p><span style=\"color: #0d6805;\"><strong>\u00a0<\/strong><\/span><\/p>\n<p>[\/et_pb_text][\/et_pb_column][et_pb_column type=\u00bb1_3&#8243; _builder_version=\u00bb4.14.5&#8243; _module_preset=\u00bbdefault\u00bb global_colors_info=\u00bb{}\u00bb][et_pb_text _builder_version=\u00bb4.14.9&#8243; _module_preset=\u00bbdefault\u00bb background_color=\u00bb#0d6805&#8243; custom_padding=\u00bb8px||5px|15px|false|false\u00bb global_colors_info=\u00bb{}\u00bb]<\/p>\n<h3><span style=\"color: #ffffff;\"><strong>AT 2<\/strong><\/span><\/h3>\n<p>[\/et_pb_text][et_pb_image src=\u00bbhttps:\/\/www.herramientastoriano.com.ar\/web\/wp-content\/uploads\/2022\/02\/AT-1-2.jpg\u00bb show_in_lightbox=\u00bbon\u00bb _builder_version=\u00bb4.14.7&#8243; _module_preset=\u00bbdefault\u00bb global_colors_info=\u00bb{}\u00bb][\/et_pb_image][et_pb_text _builder_version=\u00bb4.14.7&#8243; _module_preset=\u00bbdefault\u00bb global_colors_info=\u00bb{}\u00bb]<\/p>\n<h4><span style=\"color: #0d6805;\"><strong>ESPECIFICACIONES:<\/strong><\/span><\/h4>\n<p><span style=\"color: #000000;\"><strong>Rango de expansi\u00f3n:<\/strong> 71 a 140 mm.<\/span><br \/><span style=\"color: #000000;\"><strong>Cantidad de porta piedras:<\/strong> 4<\/span><br \/><span style=\"color: #000000;\"><strong>Largo de piedras:<\/strong> 100 mm.<\/span><br \/><span style=\"color: #000000;\">Contiene dos juegos de cuatro porta piedras equipadas con limas de carburo de cilicio y gu\u00edas de tela y goma.<\/span><br \/><span style=\"color: #000000;\"><strong>Juego Standard \u2013 Expansi\u00f3n:<\/strong> 71 a 108 mm.<\/span><br \/><span style=\"color: #000000;\"><strong>Juego Supermedida \u2013 Expansi\u00f3n:<\/strong> 101 a 140 mm.<\/span><br \/><span style=\"color: #000000;\"><strong>Limas Standard:<\/strong> 12 x 12 x 100 mm.<\/span><br \/><span style=\"color: #000000;\"><strong>Limas Supermedida:<\/strong> 12 x 12 x 100 mm.<\/span><br \/><span style=\"color: #000000;\"><strong>Opcional:<\/strong> Limas diamantadas.<\/span><\/p>\n<p><span style=\"color: #000000;\">\u00a0<\/span><\/p>\n<p>[\/et_pb_text][\/et_pb_column][\/et_pb_row][\/et_pb_section][et_pb_section fb_built=\u00bb1&#8243; _builder_version=\u00bb4.14.7&#8243; _module_preset=\u00bbdefault\u00bb custom_margin=\u00bb0px||0px||false|false\u00bb custom_padding=\u00bb0px||0px||false|false\u00bb da_disable_devices=\u00bboff|off|off\u00bb global_colors_info=\u00bb{}\u00bb da_is_popup=\u00bboff\u00bb da_exit_intent=\u00bboff\u00bb da_has_close=\u00bbon\u00bb da_alt_close=\u00bboff\u00bb da_dark_close=\u00bboff\u00bb da_not_modal=\u00bbon\u00bb da_is_singular=\u00bboff\u00bb da_with_loader=\u00bboff\u00bb da_has_shadow=\u00bbon\u00bb][et_pb_row _builder_version=\u00bb4.14.7&#8243; _module_preset=\u00bbdefault\u00bb custom_margin=\u00bb0px||0px||false|false\u00bb custom_padding=\u00bb0px||0px||false|false\u00bb collapsed=\u00bboff\u00bb global_colors_info=\u00bb{}\u00bb][et_pb_column type=\u00bb4_4&#8243; _builder_version=\u00bb4.14.2&#8243; _module_preset=\u00bbdefault\u00bb global_colors_info=\u00bb{}\u00bb][et_pb_text _builder_version=\u00bb4.14.9&#8243; _module_preset=\u00bbdefault\u00bb text_font=\u00bb|||on|||||\u00bb background_color=\u00bb#0d6805&#8243; custom_padding=\u00bb8px||5px|15px|false|false\u00bb hover_enabled=\u00bb0&#8243; global_colors_info=\u00bb{}\u00bb sticky_enabled=\u00bb0&#8243;]<\/p>\n<h3><span style=\"color: #ffffff;\"><strong>Bru\u00f1idores para motores de 4 tiempos con anclaje<br \/>\npara m\u00e1quinas con autorregulaci\u00f3n<\/strong><\/span><\/h3>\n<p>[\/et_pb_text][\/et_pb_column][\/et_pb_row][\/et_pb_section][et_pb_section fb_built=\u00bb1&#8243; _builder_version=\u00bb4.14.7&#8243; _module_preset=\u00bbdefault\u00bb custom_margin=\u00bb0px||50px||false|false\u00bb custom_padding=\u00bb0px||||false|false\u00bb da_disable_devices=\u00bboff|off|off\u00bb collapsed=\u00bboff\u00bb global_colors_info=\u00bb{}\u00bb da_is_popup=\u00bboff\u00bb da_exit_intent=\u00bboff\u00bb da_has_close=\u00bbon\u00bb da_alt_close=\u00bboff\u00bb da_dark_close=\u00bboff\u00bb da_not_modal=\u00bbon\u00bb da_is_singular=\u00bboff\u00bb da_with_loader=\u00bboff\u00bb da_has_shadow=\u00bbon\u00bb][et_pb_row disabled_on=\u00bboff|off|off\u00bb _builder_version=\u00bb4.14.5&#8243; _module_preset=\u00bbdefault\u00bb collapsed=\u00bbon\u00bb global_colors_info=\u00bb{}\u00bb][et_pb_column type=\u00bb4_4&#8243; _builder_version=\u00bb4.14.5&#8243; _module_preset=\u00bbdefault\u00bb global_colors_info=\u00bb{}\u00bb][et_pb_text _builder_version=\u00bb4.14.7&#8243; _module_preset=\u00bbdefault\u00bb global_colors_info=\u00bb{}\u00bb]<\/p>\n<h4><span style=\"color: #000000;\">Bru\u00f1idores especialmente dise\u00f1ados para anclar en m\u00e1quinas bru\u00f1idoras con autorregulaci\u00f3n.<\/span><\/h4>\n<h4><span style=\"color: #000000;\">Poseen el mismo rango de expansi\u00f3n que los modelos AT 1 y AT 2, con la diferencia que su sistema de anclaje se adapta a m\u00e1quinas con volante de regulaci\u00f3n, (la apertura y cierre del cabezal se realiza por el comando de la maquina). Tambi\u00e9n disponibles con limas de diamante.<\/span><\/h4>\n<p>[\/et_pb_text][\/et_pb_column][\/et_pb_row][et_pb_row column_structure=\u00bb1_2,1_2&#8243; _builder_version=\u00bb4.14.5&#8243; _module_preset=\u00bbdefault\u00bb collapsed=\u00bboff\u00bb global_colors_info=\u00bb{}\u00bb][et_pb_column type=\u00bb1_2&#8243; _builder_version=\u00bb4.14.5&#8243; _module_preset=\u00bbdefault\u00bb global_colors_info=\u00bb{}\u00bb][et_pb_text _builder_version=\u00bb4.14.9&#8243; _module_preset=\u00bbdefault\u00bb background_color=\u00bb#0d6805&#8243; custom_padding=\u00bb8px||5px|15px|false|false\u00bb global_colors_info=\u00bb{}\u00bb]<\/p>\n<h3><span style=\"color: #ffffff;\"><strong>BT 1<\/strong><\/span><\/h3>\n<p>[\/et_pb_text][et_pb_image src=\u00bbhttps:\/\/www.herramientastoriano.com.ar\/web\/wp-content\/uploads\/2022\/02\/BT1-2.jpg\u00bb show_in_lightbox=\u00bbon\u00bb _builder_version=\u00bb4.14.7&#8243; _module_preset=\u00bbdefault\u00bb global_colors_info=\u00bb{}\u00bb][\/et_pb_image][et_pb_text _builder_version=\u00bb4.14.7&#8243; _module_preset=\u00bbdefault\u00bb global_colors_info=\u00bb{}\u00bb]<\/p>\n<h4><span style=\"color: #0d6805;\"><strong>ESPECIFICACIONES:<\/strong><\/span><\/h4>\n<p><span style=\"color: #000000;\"><strong>Rango de expansi\u00f3n:<\/strong> 57 a 88 mm.<\/span><br \/><span style=\"color: #000000;\"><strong>Cantidad de porta piedras:<\/strong> 4<\/span><br \/><span style=\"color: #000000;\"><strong>Largo de piedras:<\/strong> 76 mm.<\/span><br \/><span style=\"color: #000000;\">Contiene dos juegos de cuatro porta piedras equipadas <\/span><br \/><span style=\"color: #000000;\">con limas de carburo de cilicio.<\/span><br \/><span style=\"color: #000000;\"><strong>Juego Standard \u2013 Expansi\u00f3n:<\/strong> 57 a 73 mm.<\/span><br \/><span style=\"color: #000000;\"><strong>Juego Supermedida \u2013 Expansi\u00f3n:<\/strong> 69 a 88 mm.<\/span><br \/><span style=\"color: #000000;\"><strong>Limas Standard:<\/strong> 9,5 x 9,5 x 76 mm.<\/span><br \/><span style=\"color: #000000;\"><strong>Limas Supermedida:<\/strong> 9,5 x 9,5 x 76 mm.<\/span><br \/><span style=\"color: #000000;\"><strong>Opcional:<\/strong> Limas diamantadas.<\/span><\/p>\n<p><span style=\"color: #000000;\">\u00a0<\/span><\/p>\n<p><span style=\"color: #000000;\">\u00a0<\/span><\/p>\n<p>[\/et_pb_text][\/et_pb_column][et_pb_column type=\u00bb1_2&#8243; _builder_version=\u00bb4.14.5&#8243; _module_preset=\u00bbdefault\u00bb global_colors_info=\u00bb{}\u00bb][et_pb_text _builder_version=\u00bb4.14.9&#8243; _module_preset=\u00bbdefault\u00bb background_color=\u00bb#0d6805&#8243; custom_padding=\u00bb8px||5px|15px|false|false\u00bb global_colors_info=\u00bb{}\u00bb]<\/p>\n<h3><span style=\"color: #ffffff;\"><strong>BT 2<\/strong><\/span><\/h3>\n<p>[\/et_pb_text][et_pb_image src=\u00bbhttps:\/\/www.herramientastoriano.com.ar\/web\/wp-content\/uploads\/2022\/02\/BT1-2.jpg\u00bb title_text=\u00bbJDS02&#8243; show_in_lightbox=\u00bbon\u00bb _builder_version=\u00bb4.14.7&#8243; _module_preset=\u00bbdefault\u00bb global_colors_info=\u00bb{}\u00bb][\/et_pb_image][et_pb_text _builder_version=\u00bb4.14.7&#8243; _module_preset=\u00bbdefault\u00bb global_colors_info=\u00bb{}\u00bb]<\/p>\n<h4><span style=\"color: #0d6805;\"><strong>ESPECIFICACIONES:<\/strong><\/span><\/h4>\n<p><span style=\"color: #000000;\"><strong>Rango de expansi\u00f3n:<\/strong> 71 a 140 mm.<\/span><br \/><span style=\"color: #000000;\"><strong>Cantidad de porta piedras:<\/strong> 4<\/span><br \/><span style=\"color: #000000;\"><strong>Largo de piedras:<\/strong> 100 mm.<\/span><br \/><span style=\"color: #000000;\">Contiene dos juegos de cuatro porta piedras equipadas<\/span><br \/><span style=\"color: #000000;\">con limas de carburo de cilicio y pa\u00f1os gu\u00eda.<\/span><br \/><span style=\"color: #000000;\"><strong>Juego Standard \u2013 Expansi\u00f3n:<\/strong> 71 a 108 mm.<\/span><br \/><span style=\"color: #000000;\"><strong>Juego Supermedida \u2013 Expansi\u00f3n:<\/strong> 101 a 140 mm.<\/span><br \/><span style=\"color: #000000;\"><strong>Limas Standard:<\/strong> 12 x 12 x 100 mm.<\/span><br \/><span style=\"color: #000000;\"><strong>Limas Supermedida:<\/strong> 12 x 12 x 100 mm.<\/span><br \/><span style=\"color: #000000;\"><strong>Opcional:<\/strong> Limas diamantadas.<\/span><\/p>\n<p><span style=\"color: #000000;\">\u00a0<\/span><\/p>\n<p><span style=\"color: #000000;\">\u00a0<\/span><\/p>\n<p><span style=\"color: #0d6805;\"><strong>\u00a0<\/strong><\/span><\/p>\n<p>[\/et_pb_text][\/et_pb_column][\/et_pb_row][\/et_pb_section]<\/p>\n","protected":false},"excerpt":{"rendered":"<p>Bru\u00f1idores para Motores de 4 tiemposSacabocados para realizar perforaciones, arandelas, juntas en cuero, pl\u00e1stico, cart\u00f3n, corcho, hojalata. Nuestros juegos est\u00e1n fabricados en acero templado, filos rectificados y acabado negro pav\u00f3n.AT 015ESPECIFICACIONES: Rango de expansi\u00f3n: 43 a 57 mm.Cantidad de porta piedras: 5Largo de piedras: 76 mm.Contiene dos juegos de cinco porta piedras equipadas con limas [&hellip;]<\/p>\n","protected":false},"author":1,"featured_media":0,"parent":164,"menu_order":0,"comment_status":"closed","ping_status":"closed","template":"","meta":{"_et_pb_use_builder":"on","_et_pb_old_content":"","_et_gb_content_width":"","_joinchat":[],"footnotes":""},"class_list":["post-392","page","type-page","status-publish","hentry"],"yoast_head":"<!-- This site is optimized with the Yoast SEO plugin v20.5 - https:\/\/yoast.com\/wordpress\/plugins\/seo\/ -->\n<title>Bru\u00f1idores para Motores de 4 tiempos - Herramientas Toriano<\/title>\n<meta name=\"robots\" content=\"index, follow, max-snippet:-1, max-image-preview:large, max-video-preview:-1\" \/>\n<link rel=\"canonical\" href=\"https:\/\/www.herramientastoriano.com.ar\/web\/herramientas-para-rectificacion\/brunidores-para-motores-de-4-tiempos\/\" \/>\n<meta property=\"og:locale\" content=\"es_ES\" \/>\n<meta property=\"og:type\" content=\"article\" \/>\n<meta property=\"og:title\" content=\"Bru\u00f1idores para Motores de 4 tiempos - Herramientas Toriano\" \/>\n<meta property=\"og:description\" content=\"Bru\u00f1idores para Motores de 4 tiemposSacabocados para realizar perforaciones, arandelas, juntas en cuero, pl\u00e1stico, cart\u00f3n, corcho, hojalata. Nuestros juegos est\u00e1n fabricados en acero templado, filos rectificados y acabado negro pav\u00f3n.AT 015ESPECIFICACIONES: Rango de expansi\u00f3n: 43 a 57 mm.Cantidad de porta piedras: 5Largo de piedras: 76 mm.Contiene dos juegos de cinco porta piedras equipadas con limas [&hellip;]\" \/>\n<meta property=\"og:url\" content=\"https:\/\/www.herramientastoriano.com.ar\/web\/herramientas-para-rectificacion\/brunidores-para-motores-de-4-tiempos\/\" \/>\n<meta property=\"og:site_name\" content=\"Herramientas Toriano\" \/>\n<meta property=\"article:modified_time\" content=\"2022-03-17T15:40:03+00:00\" \/>\n<meta name=\"twitter:card\" content=\"summary_large_image\" \/>\n<meta name=\"twitter:label1\" content=\"Tiempo de lectura\" \/>\n\t<meta name=\"twitter:data1\" content=\"7 minutos\" \/>\n<script type=\"application\/ld+json\" class=\"yoast-schema-graph\">{\"@context\":\"https:\/\/schema.org\",\"@graph\":[{\"@type\":\"WebPage\",\"@id\":\"https:\/\/www.herramientastoriano.com.ar\/web\/herramientas-para-rectificacion\/brunidores-para-motores-de-4-tiempos\/\",\"url\":\"https:\/\/www.herramientastoriano.com.ar\/web\/herramientas-para-rectificacion\/brunidores-para-motores-de-4-tiempos\/\",\"name\":\"Bru\u00f1idores para Motores de 4 tiempos - Herramientas Toriano\",\"isPartOf\":{\"@id\":\"https:\/\/www.herramientastoriano.com.ar\/web\/#website\"},\"datePublished\":\"2022-02-03T14:40:25+00:00\",\"dateModified\":\"2022-03-17T15:40:03+00:00\",\"breadcrumb\":{\"@id\":\"https:\/\/www.herramientastoriano.com.ar\/web\/herramientas-para-rectificacion\/brunidores-para-motores-de-4-tiempos\/#breadcrumb\"},\"inLanguage\":\"es\",\"potentialAction\":[{\"@type\":\"ReadAction\",\"target\":[\"https:\/\/www.herramientastoriano.com.ar\/web\/herramientas-para-rectificacion\/brunidores-para-motores-de-4-tiempos\/\"]}]},{\"@type\":\"BreadcrumbList\",\"@id\":\"https:\/\/www.herramientastoriano.com.ar\/web\/herramientas-para-rectificacion\/brunidores-para-motores-de-4-tiempos\/#breadcrumb\",\"itemListElement\":[{\"@type\":\"ListItem\",\"position\":1,\"name\":\"Portada\",\"item\":\"https:\/\/www.herramientastoriano.com.ar\/web\/\"},{\"@type\":\"ListItem\",\"position\":2,\"name\":\"Herramientas para Rectificaci\u00f3n\",\"item\":\"https:\/\/www.herramientastoriano.com.ar\/web\/herramientas-para-rectificacion\/\"},{\"@type\":\"ListItem\",\"position\":3,\"name\":\"Bru\u00f1idores para Motores de 4 tiempos\"}]},{\"@type\":\"WebSite\",\"@id\":\"https:\/\/www.herramientastoriano.com.ar\/web\/#website\",\"url\":\"https:\/\/www.herramientastoriano.com.ar\/web\/\",\"name\":\"Herramientas Toriano\",\"description\":\"\",\"potentialAction\":[{\"@type\":\"SearchAction\",\"target\":{\"@type\":\"EntryPoint\",\"urlTemplate\":\"https:\/\/www.herramientastoriano.com.ar\/web\/?s={search_term_string}\"},\"query-input\":\"required name=search_term_string\"}],\"inLanguage\":\"es\"}]}<\/script>\n<!-- \/ Yoast SEO plugin. -->","yoast_head_json":{"title":"Bru\u00f1idores para Motores de 4 tiempos - Herramientas Toriano","robots":{"index":"index","follow":"follow","max-snippet":"max-snippet:-1","max-image-preview":"max-image-preview:large","max-video-preview":"max-video-preview:-1"},"canonical":"https:\/\/www.herramientastoriano.com.ar\/web\/herramientas-para-rectificacion\/brunidores-para-motores-de-4-tiempos\/","og_locale":"es_ES","og_type":"article","og_title":"Bru\u00f1idores para Motores de 4 tiempos - Herramientas Toriano","og_description":"Bru\u00f1idores para Motores de 4 tiemposSacabocados para realizar perforaciones, arandelas, juntas en cuero, pl\u00e1stico, cart\u00f3n, corcho, hojalata. Nuestros juegos est\u00e1n fabricados en acero templado, filos rectificados y acabado negro pav\u00f3n.AT 015ESPECIFICACIONES: Rango de expansi\u00f3n: 43 a 57 mm.Cantidad de porta piedras: 5Largo de piedras: 76 mm.Contiene dos juegos de cinco porta piedras equipadas con limas [&hellip;]","og_url":"https:\/\/www.herramientastoriano.com.ar\/web\/herramientas-para-rectificacion\/brunidores-para-motores-de-4-tiempos\/","og_site_name":"Herramientas Toriano","article_modified_time":"2022-03-17T15:40:03+00:00","twitter_card":"summary_large_image","twitter_misc":{"Tiempo de lectura":"7 minutos"},"schema":{"@context":"https:\/\/schema.org","@graph":[{"@type":"WebPage","@id":"https:\/\/www.herramientastoriano.com.ar\/web\/herramientas-para-rectificacion\/brunidores-para-motores-de-4-tiempos\/","url":"https:\/\/www.herramientastoriano.com.ar\/web\/herramientas-para-rectificacion\/brunidores-para-motores-de-4-tiempos\/","name":"Bru\u00f1idores para Motores de 4 tiempos - Herramientas Toriano","isPartOf":{"@id":"https:\/\/www.herramientastoriano.com.ar\/web\/#website"},"datePublished":"2022-02-03T14:40:25+00:00","dateModified":"2022-03-17T15:40:03+00:00","breadcrumb":{"@id":"https:\/\/www.herramientastoriano.com.ar\/web\/herramientas-para-rectificacion\/brunidores-para-motores-de-4-tiempos\/#breadcrumb"},"inLanguage":"es","potentialAction":[{"@type":"ReadAction","target":["https:\/\/www.herramientastoriano.com.ar\/web\/herramientas-para-rectificacion\/brunidores-para-motores-de-4-tiempos\/"]}]},{"@type":"BreadcrumbList","@id":"https:\/\/www.herramientastoriano.com.ar\/web\/herramientas-para-rectificacion\/brunidores-para-motores-de-4-tiempos\/#breadcrumb","itemListElement":[{"@type":"ListItem","position":1,"name":"Portada","item":"https:\/\/www.herramientastoriano.com.ar\/web\/"},{"@type":"ListItem","position":2,"name":"Herramientas para Rectificaci\u00f3n","item":"https:\/\/www.herramientastoriano.com.ar\/web\/herramientas-para-rectificacion\/"},{"@type":"ListItem","position":3,"name":"Bru\u00f1idores para Motores de 4 tiempos"}]},{"@type":"WebSite","@id":"https:\/\/www.herramientastoriano.com.ar\/web\/#website","url":"https:\/\/www.herramientastoriano.com.ar\/web\/","name":"Herramientas Toriano","description":"","potentialAction":[{"@type":"SearchAction","target":{"@type":"EntryPoint","urlTemplate":"https:\/\/www.herramientastoriano.com.ar\/web\/?s={search_term_string}"},"query-input":"required name=search_term_string"}],"inLanguage":"es"}]}},"_links":{"self":[{"href":"https:\/\/www.herramientastoriano.com.ar\/web\/wp-json\/wp\/v2\/pages\/392","targetHints":{"allow":["GET"]}}],"collection":[{"href":"https:\/\/www.herramientastoriano.com.ar\/web\/wp-json\/wp\/v2\/pages"}],"about":[{"href":"https:\/\/www.herramientastoriano.com.ar\/web\/wp-json\/wp\/v2\/types\/page"}],"author":[{"embeddable":true,"href":"https:\/\/www.herramientastoriano.com.ar\/web\/wp-json\/wp\/v2\/users\/1"}],"replies":[{"embeddable":true,"href":"https:\/\/www.herramientastoriano.com.ar\/web\/wp-json\/wp\/v2\/comments?post=392"}],"version-history":[{"count":18,"href":"https:\/\/www.herramientastoriano.com.ar\/web\/wp-json\/wp\/v2\/pages\/392\/revisions"}],"predecessor-version":[{"id":797,"href":"https:\/\/www.herramientastoriano.com.ar\/web\/wp-json\/wp\/v2\/pages\/392\/revisions\/797"}],"up":[{"embeddable":true,"href":"https:\/\/www.herramientastoriano.com.ar\/web\/wp-json\/wp\/v2\/pages\/164"}],"wp:attachment":[{"href":"https:\/\/www.herramientastoriano.com.ar\/web\/wp-json\/wp\/v2\/media?parent=392"}],"curies":[{"name":"wp","href":"https:\/\/api.w.org\/{rel}","templated":true}]}}