{"id":829,"date":"2022-03-20T17:14:08","date_gmt":"2022-03-20T17:14:08","guid":{"rendered":"https:\/\/www.herramientastoriano.com.ar\/web\/?page_id=829"},"modified":"2022-06-14T14:59:12","modified_gmt":"2022-06-14T14:59:12","slug":"camisas-para-guia-de-valvulas","status":"publish","type":"page","link":"https:\/\/www.herramientastoriano.com.ar\/web\/herramientas-para-rectificacion\/camisas-para-guia-de-valvulas\/","title":{"rendered":"Camisas para gu\u00eda de v\u00e1lvulas"},"content":{"rendered":"<p>[et_pb_section fb_built=\u00bb1&#8243; admin_label=\u00bbHeather\u00bb _builder_version=\u00bb4.16&#8243; _module_preset=\u00bbdefault\u00bb background_color=\u00bb#B3B3B3&#8243; background_enable_image=\u00bboff\u00bb custom_margin=\u00bb0px||0px||false|false\u00bb custom_padding=\u00bb0px||0px||false|false\u00bb da_disable_devices=\u00bboff|off|off\u00bb collapsed=\u00bboff\u00bb global_colors_info=\u00bb{}\u00bb da_is_popup=\u00bboff\u00bb da_exit_intent=\u00bboff\u00bb da_has_close=\u00bbon\u00bb da_alt_close=\u00bboff\u00bb da_dark_close=\u00bboff\u00bb da_not_modal=\u00bbon\u00bb da_is_singular=\u00bboff\u00bb da_with_loader=\u00bboff\u00bb da_has_shadow=\u00bbon\u00bb][et_pb_row _builder_version=\u00bb4.16&#8243; _module_preset=\u00bbdefault\u00bb custom_margin=\u00bb||||false|false\u00bb custom_padding=\u00bb||||false|false\u00bb collapsed=\u00bboff\u00bb global_colors_info=\u00bb{}\u00bb][et_pb_column type=\u00bb4_4&#8243; _builder_version=\u00bb4.16&#8243; _module_preset=\u00bbdefault\u00bb global_colors_info=\u00bb{}\u00bb][et_pb_text _builder_version=\u00bb4.16&#8243; _module_preset=\u00bbdefault\u00bb text_font=\u00bb|700||on|||||\u00bb text_text_color=\u00bb#FFFFFF\u00bb global_colors_info=\u00bb{}\u00bb]<\/p>\n<h1 style=\"text-align: left;\"><strong>CAMISAS PARA GU\u00cdAS DE V\u00c1LVULA<\/strong><\/h1>\n<p>[\/et_pb_text][\/et_pb_column][\/et_pb_row][\/et_pb_section][et_pb_section fb_built=\u00bb1&#8243; _builder_version=\u00bb4.16&#8243; _module_preset=\u00bbdefault\u00bb custom_margin=\u00bb0px||50px||false|false\u00bb da_disable_devices=\u00bboff|off|off\u00bb global_colors_info=\u00bb{}\u00bb da_is_popup=\u00bboff\u00bb da_exit_intent=\u00bboff\u00bb da_has_close=\u00bbon\u00bb da_alt_close=\u00bboff\u00bb da_dark_close=\u00bboff\u00bb da_not_modal=\u00bbon\u00bb da_is_singular=\u00bboff\u00bb da_with_loader=\u00bboff\u00bb da_has_shadow=\u00bbon\u00bb][et_pb_row disabled_on=\u00bbon|on|on\u00bb _builder_version=\u00bb4.16&#8243; _module_preset=\u00bbdefault\u00bb disabled=\u00bbon\u00bb collapsed=\u00bbon\u00bb global_colors_info=\u00bb{}\u00bb][et_pb_column type=\u00bb4_4&#8243; _builder_version=\u00bb4.16&#8243; _module_preset=\u00bbdefault\u00bb global_colors_info=\u00bb{}\u00bb][et_pb_text _builder_version=\u00bb4.16&#8243; _module_preset=\u00bbdefault\u00bb global_colors_info=\u00bb{}\u00bb]<\/p>\n<h4><span style=\"color: #000000;\">Sacabocados para realizar perforaciones, arandelas, juntas en cuero, pl\u00e1stico, cart\u00f3n, corcho, hojalata.<\/span><\/h4>\n<h4><span style=\"color: #000000;\">Nuestros juegos est\u00e1n fabricados en acero templado, filos rectificados y acabado negro pav\u00f3n.<\/span><\/h4>\n<p>[\/et_pb_text][\/et_pb_column][\/et_pb_row][et_pb_row column_structure=\u00bb1_2,1_2&#8243; disabled_on=\u00bbon|on|on\u00bb _builder_version=\u00bb4.16&#8243; _module_preset=\u00bbdefault\u00bb disabled=\u00bbon\u00bb collapsed=\u00bbon\u00bb global_colors_info=\u00bb{}\u00bb][et_pb_column type=\u00bb1_2&#8243; _builder_version=\u00bb4.16&#8243; _module_preset=\u00bbdefault\u00bb global_colors_info=\u00bb{}\u00bb][et_pb_text _builder_version=\u00bb4.16&#8243; _module_preset=\u00bbdefault\u00bb background_color=\u00bb#0d6805&#8243; custom_padding=\u00bb5px||5px|15px|false|false\u00bb global_colors_info=\u00bb{}\u00bb]<\/p>\n<h3><span style=\"color: #ffffff;\"><strong>KIT PARA ENCAMISAR<\/strong><\/span><\/h3>\n<p>[\/et_pb_text][et_pb_image src=\u00bbhttps:\/\/www.herramientastoriano.com.ar\/web\/wp-content\/uploads\/2022\/02\/Kit-para-encamisar.jpg\u00bb show_in_lightbox=\u00bbon\u00bb _builder_version=\u00bb4.16&#8243; _module_preset=\u00bbdefault\u00bb global_colors_info=\u00bb{}\u00bb][\/et_pb_image][et_pb_text _builder_version=\u00bb4.16&#8243; _module_preset=\u00bbdefault\u00bb global_colors_info=\u00bb{}\u00bb]<\/p>\n<h4><span style=\"color: #0d6805;\"><strong>ESPECIFICACIONES:<\/strong><\/span><\/h4>\n<p><span style=\"color: #000000;\">Cada kit contiene las herramientas necesarias para colocar y extraer camisas de bronce fosforoso. Hay un kit para cada medida de gu\u00eda.<\/span><\/p>\n<p><span style=\"color: #000000;\"><strong>VER TABLA<\/strong><\/span><\/p>\n<p><span style=\"color: #000000;\">\u00a0<\/span><\/p>\n<p><span style=\"color: #000000;\">\u00a0<\/span><\/p>\n<p>[\/et_pb_text][\/et_pb_column][et_pb_column type=\u00bb1_2&#8243; _builder_version=\u00bb4.16&#8243; _module_preset=\u00bbdefault\u00bb global_colors_info=\u00bb{}\u00bb][et_pb_text _builder_version=\u00bb4.16&#8243; _module_preset=\u00bbdefault\u00bb background_color=\u00bb#0d6805&#8243; custom_padding=\u00bb5px||5px|15px|false|false\u00bb global_colors_info=\u00bb{}\u00bb]<\/p>\n<h3><span style=\"color: #ffffff;\"><strong>KIT COMPLEMENTARIO<\/strong><\/span><\/h3>\n<p>[\/et_pb_text][et_pb_image src=\u00bbhttps:\/\/www.herramientastoriano.com.ar\/web\/wp-content\/uploads\/2022\/02\/Kit-complementario.jpg\u00bb title_text=\u00bbJDS02&#8243; show_in_lightbox=\u00bbon\u00bb _builder_version=\u00bb4.16&#8243; _module_preset=\u00bbdefault\u00bb global_colors_info=\u00bb{}\u00bb][\/et_pb_image][et_pb_text _builder_version=\u00bb4.16&#8243; _module_preset=\u00bbdefault\u00bb global_colors_info=\u00bb{}\u00bb]<\/p>\n<h4><span style=\"color: #0d6805;\"><strong>ESPECIFICACIONES:<\/strong><\/span><\/h4>\n<p><span style=\"color: #000000;\">Este kit contiene herramientas complementarias para colocar camisas de bronce y son comunes a todos los Kits de encamisar.<\/span><\/p>\n<p><span style=\"color: #000000;\"><strong>Mod. KCB-6 (B\u00e1sico)<\/strong><\/span><br \/><span style=\"color: #000000;\">Contiene: 5 Centradores \u2013 1 Sostenedor de herramientas<\/span><\/p>\n<p><span style=\"color: #000000;\"><strong>Mod. KCA-9 (Completo)<\/strong><\/span><br \/><span style=\"color: #000000;\">Contiene: 1 Pistola percutora &#8211; 5 Centradores &#8211; 1 Sostenedor de herramientas &#8211; 1 Escariador c\u00f3nico<\/span><\/p>\n<p>&nbsp;<\/p>\n<p>[\/et_pb_text][\/et_pb_column][\/et_pb_row][et_pb_row column_structure=\u00bb1_2,1_2&#8243; _builder_version=\u00bb4.16&#8243; _module_preset=\u00bbdefault\u00bb collapsed=\u00bboff\u00bb global_colors_info=\u00bb{}\u00bb][et_pb_column type=\u00bb1_2&#8243; _builder_version=\u00bb4.16&#8243; _module_preset=\u00bbdefault\u00bb global_colors_info=\u00bb{}\u00bb][et_pb_text _builder_version=\u00bb4.16&#8243; _module_preset=\u00bbdefault\u00bb background_color=\u00bb#0d6805&#8243; custom_padding=\u00bb5px||5px|15px|false|false\u00bb global_colors_info=\u00bb{}\u00bb]<\/p>\n<h3><span style=\"color: #ffffff;\"><strong>CAMISAS PARA GU\u00cdAS DE V\u00c1LVULA<\/strong><\/span><\/h3>\n<p>[\/et_pb_text][et_pb_image src=\u00bbhttps:\/\/www.herramientastoriano.com.ar\/web\/wp-content\/uploads\/2022\/02\/Camisas.jpg\u00bb title_text=\u00bbJDS02&#8243; show_in_lightbox=\u00bbon\u00bb _builder_version=\u00bb4.16&#8243; _module_preset=\u00bbdefault\u00bb global_colors_info=\u00bb{}\u00bb][\/et_pb_image][et_pb_text _builder_version=\u00bb4.17.3&#8243; _module_preset=\u00bbdefault\u00bb hover_enabled=\u00bb0&#8243; global_colors_info=\u00bb{}\u00bb sticky_enabled=\u00bb0&#8243;]<\/p>\n<h4><span style=\"color: #0d6805;\"><strong>ESPECIFICACIONES:<\/strong><\/span><\/h4>\n<p><span style=\"color: #000000;\">Fabricadas en bronce fosforoso para soportar m\u00e1ximas exigencias y mayor resistencia al desgaste.<\/span><br \/><span style=\"color: #000000;\">El interior con estr\u00edas est\u00e1 dise\u00f1ado para mejorar la retenci\u00f3n de lubricante.<\/span><br \/><span style=\"color: #000000;\">Materia prima de m\u00e1xima dureza. Origen Alemania.<\/span><\/p>\n<p><span style=\"color: #000000;\"><strong>Presentaci\u00f3n:<\/strong> Caja x 100 unidades.<\/span><\/p>\n<h4><a href=\"https:\/\/www.herramientastoriano.com.ar\/web\/wp-content\/uploads\/2022\/03\/Herramientas-Toriano_Tabla-07.pdf\"><strong>VER TABLA EN PDF<\/strong><\/a><\/h4>\n<p>&nbsp;<\/p>\n<p>[\/et_pb_text][\/et_pb_column][et_pb_column type=\u00bb1_2&#8243; _builder_version=\u00bb4.16&#8243; _module_preset=\u00bbdefault\u00bb global_colors_info=\u00bb{}\u00bb][\/et_pb_column][\/et_pb_row][\/et_pb_section]<\/p>\n","protected":false},"excerpt":{"rendered":"<p>CAMISAS PARA GU\u00cdAS DE V\u00c1LVULASacabocados para realizar perforaciones, arandelas, juntas en cuero, pl\u00e1stico, cart\u00f3n, corcho, hojalata. Nuestros juegos est\u00e1n fabricados en acero templado, filos rectificados y acabado negro pav\u00f3n.KIT PARA ENCAMISARESPECIFICACIONES: Cada kit contiene las herramientas necesarias para colocar y extraer camisas de bronce fosforoso. Hay un kit para cada medida de gu\u00eda. VER TABLA [&hellip;]<\/p>\n","protected":false},"author":1,"featured_media":0,"parent":164,"menu_order":0,"comment_status":"closed","ping_status":"closed","template":"","meta":{"_et_pb_use_builder":"on","_et_pb_old_content":"","_et_gb_content_width":"","_joinchat":[],"footnotes":""},"class_list":["post-829","page","type-page","status-publish","hentry"],"yoast_head":"<!-- This site is optimized with the Yoast SEO plugin v20.5 - https:\/\/yoast.com\/wordpress\/plugins\/seo\/ -->\n<title>Camisas para gu\u00eda de v\u00e1lvulas - Herramientas Toriano<\/title>\n<meta name=\"robots\" content=\"index, follow, max-snippet:-1, max-image-preview:large, max-video-preview:-1\" \/>\n<link rel=\"canonical\" href=\"https:\/\/www.herramientastoriano.com.ar\/web\/herramientas-para-rectificacion\/camisas-para-guia-de-valvulas\/\" \/>\n<meta property=\"og:locale\" content=\"es_ES\" \/>\n<meta property=\"og:type\" content=\"article\" \/>\n<meta property=\"og:title\" content=\"Camisas para gu\u00eda de v\u00e1lvulas - Herramientas Toriano\" \/>\n<meta property=\"og:description\" content=\"CAMISAS PARA GU\u00cdAS DE V\u00c1LVULASacabocados para realizar perforaciones, arandelas, juntas en cuero, pl\u00e1stico, cart\u00f3n, corcho, hojalata. Nuestros juegos est\u00e1n fabricados en acero templado, filos rectificados y acabado negro pav\u00f3n.KIT PARA ENCAMISARESPECIFICACIONES: Cada kit contiene las herramientas necesarias para colocar y extraer camisas de bronce fosforoso. Hay un kit para cada medida de gu\u00eda. VER TABLA [&hellip;]\" \/>\n<meta property=\"og:url\" content=\"https:\/\/www.herramientastoriano.com.ar\/web\/herramientas-para-rectificacion\/camisas-para-guia-de-valvulas\/\" \/>\n<meta property=\"og:site_name\" content=\"Herramientas Toriano\" \/>\n<meta property=\"article:modified_time\" content=\"2022-06-14T14:59:12+00:00\" \/>\n<meta name=\"twitter:card\" content=\"summary_large_image\" \/>\n<meta name=\"twitter:label1\" content=\"Tiempo de lectura\" \/>\n\t<meta name=\"twitter:data1\" content=\"4 minutos\" \/>\n<script type=\"application\/ld+json\" class=\"yoast-schema-graph\">{\"@context\":\"https:\/\/schema.org\",\"@graph\":[{\"@type\":\"WebPage\",\"@id\":\"https:\/\/www.herramientastoriano.com.ar\/web\/herramientas-para-rectificacion\/camisas-para-guia-de-valvulas\/\",\"url\":\"https:\/\/www.herramientastoriano.com.ar\/web\/herramientas-para-rectificacion\/camisas-para-guia-de-valvulas\/\",\"name\":\"Camisas para gu\u00eda de v\u00e1lvulas - Herramientas Toriano\",\"isPartOf\":{\"@id\":\"https:\/\/www.herramientastoriano.com.ar\/web\/#website\"},\"datePublished\":\"2022-03-20T17:14:08+00:00\",\"dateModified\":\"2022-06-14T14:59:12+00:00\",\"breadcrumb\":{\"@id\":\"https:\/\/www.herramientastoriano.com.ar\/web\/herramientas-para-rectificacion\/camisas-para-guia-de-valvulas\/#breadcrumb\"},\"inLanguage\":\"es\",\"potentialAction\":[{\"@type\":\"ReadAction\",\"target\":[\"https:\/\/www.herramientastoriano.com.ar\/web\/herramientas-para-rectificacion\/camisas-para-guia-de-valvulas\/\"]}]},{\"@type\":\"BreadcrumbList\",\"@id\":\"https:\/\/www.herramientastoriano.com.ar\/web\/herramientas-para-rectificacion\/camisas-para-guia-de-valvulas\/#breadcrumb\",\"itemListElement\":[{\"@type\":\"ListItem\",\"position\":1,\"name\":\"Portada\",\"item\":\"https:\/\/www.herramientastoriano.com.ar\/web\/\"},{\"@type\":\"ListItem\",\"position\":2,\"name\":\"Herramientas para Rectificaci\u00f3n\",\"item\":\"https:\/\/www.herramientastoriano.com.ar\/web\/herramientas-para-rectificacion\/\"},{\"@type\":\"ListItem\",\"position\":3,\"name\":\"Camisas para gu\u00eda de v\u00e1lvulas\"}]},{\"@type\":\"WebSite\",\"@id\":\"https:\/\/www.herramientastoriano.com.ar\/web\/#website\",\"url\":\"https:\/\/www.herramientastoriano.com.ar\/web\/\",\"name\":\"Herramientas Toriano\",\"description\":\"\",\"potentialAction\":[{\"@type\":\"SearchAction\",\"target\":{\"@type\":\"EntryPoint\",\"urlTemplate\":\"https:\/\/www.herramientastoriano.com.ar\/web\/?s={search_term_string}\"},\"query-input\":\"required name=search_term_string\"}],\"inLanguage\":\"es\"}]}<\/script>\n<!-- \/ Yoast SEO plugin. -->","yoast_head_json":{"title":"Camisas para gu\u00eda de v\u00e1lvulas - Herramientas Toriano","robots":{"index":"index","follow":"follow","max-snippet":"max-snippet:-1","max-image-preview":"max-image-preview:large","max-video-preview":"max-video-preview:-1"},"canonical":"https:\/\/www.herramientastoriano.com.ar\/web\/herramientas-para-rectificacion\/camisas-para-guia-de-valvulas\/","og_locale":"es_ES","og_type":"article","og_title":"Camisas para gu\u00eda de v\u00e1lvulas - Herramientas Toriano","og_description":"CAMISAS PARA GU\u00cdAS DE V\u00c1LVULASacabocados para realizar perforaciones, arandelas, juntas en cuero, pl\u00e1stico, cart\u00f3n, corcho, hojalata. Nuestros juegos est\u00e1n fabricados en acero templado, filos rectificados y acabado negro pav\u00f3n.KIT PARA ENCAMISARESPECIFICACIONES: Cada kit contiene las herramientas necesarias para colocar y extraer camisas de bronce fosforoso. Hay un kit para cada medida de gu\u00eda. VER TABLA [&hellip;]","og_url":"https:\/\/www.herramientastoriano.com.ar\/web\/herramientas-para-rectificacion\/camisas-para-guia-de-valvulas\/","og_site_name":"Herramientas Toriano","article_modified_time":"2022-06-14T14:59:12+00:00","twitter_card":"summary_large_image","twitter_misc":{"Tiempo de lectura":"4 minutos"},"schema":{"@context":"https:\/\/schema.org","@graph":[{"@type":"WebPage","@id":"https:\/\/www.herramientastoriano.com.ar\/web\/herramientas-para-rectificacion\/camisas-para-guia-de-valvulas\/","url":"https:\/\/www.herramientastoriano.com.ar\/web\/herramientas-para-rectificacion\/camisas-para-guia-de-valvulas\/","name":"Camisas para gu\u00eda de v\u00e1lvulas - Herramientas Toriano","isPartOf":{"@id":"https:\/\/www.herramientastoriano.com.ar\/web\/#website"},"datePublished":"2022-03-20T17:14:08+00:00","dateModified":"2022-06-14T14:59:12+00:00","breadcrumb":{"@id":"https:\/\/www.herramientastoriano.com.ar\/web\/herramientas-para-rectificacion\/camisas-para-guia-de-valvulas\/#breadcrumb"},"inLanguage":"es","potentialAction":[{"@type":"ReadAction","target":["https:\/\/www.herramientastoriano.com.ar\/web\/herramientas-para-rectificacion\/camisas-para-guia-de-valvulas\/"]}]},{"@type":"BreadcrumbList","@id":"https:\/\/www.herramientastoriano.com.ar\/web\/herramientas-para-rectificacion\/camisas-para-guia-de-valvulas\/#breadcrumb","itemListElement":[{"@type":"ListItem","position":1,"name":"Portada","item":"https:\/\/www.herramientastoriano.com.ar\/web\/"},{"@type":"ListItem","position":2,"name":"Herramientas para Rectificaci\u00f3n","item":"https:\/\/www.herramientastoriano.com.ar\/web\/herramientas-para-rectificacion\/"},{"@type":"ListItem","position":3,"name":"Camisas para gu\u00eda de v\u00e1lvulas"}]},{"@type":"WebSite","@id":"https:\/\/www.herramientastoriano.com.ar\/web\/#website","url":"https:\/\/www.herramientastoriano.com.ar\/web\/","name":"Herramientas Toriano","description":"","potentialAction":[{"@type":"SearchAction","target":{"@type":"EntryPoint","urlTemplate":"https:\/\/www.herramientastoriano.com.ar\/web\/?s={search_term_string}"},"query-input":"required name=search_term_string"}],"inLanguage":"es"}]}},"_links":{"self":[{"href":"https:\/\/www.herramientastoriano.com.ar\/web\/wp-json\/wp\/v2\/pages\/829","targetHints":{"allow":["GET"]}}],"collection":[{"href":"https:\/\/www.herramientastoriano.com.ar\/web\/wp-json\/wp\/v2\/pages"}],"about":[{"href":"https:\/\/www.herramientastoriano.com.ar\/web\/wp-json\/wp\/v2\/types\/page"}],"author":[{"embeddable":true,"href":"https:\/\/www.herramientastoriano.com.ar\/web\/wp-json\/wp\/v2\/users\/1"}],"replies":[{"embeddable":true,"href":"https:\/\/www.herramientastoriano.com.ar\/web\/wp-json\/wp\/v2\/comments?post=829"}],"version-history":[{"count":6,"href":"https:\/\/www.herramientastoriano.com.ar\/web\/wp-json\/wp\/v2\/pages\/829\/revisions"}],"predecessor-version":[{"id":1043,"href":"https:\/\/www.herramientastoriano.com.ar\/web\/wp-json\/wp\/v2\/pages\/829\/revisions\/1043"}],"up":[{"embeddable":true,"href":"https:\/\/www.herramientastoriano.com.ar\/web\/wp-json\/wp\/v2\/pages\/164"}],"wp:attachment":[{"href":"https:\/\/www.herramientastoriano.com.ar\/web\/wp-json\/wp\/v2\/media?parent=829"}],"curies":[{"name":"wp","href":"https:\/\/api.w.org\/{rel}","templated":true}]}}